{"id":213154,"date":"2025-02-07T15:43:45","date_gmt":"2025-02-07T14:43:45","guid":{"rendered":"https:\/\/www.abades.com\/legal\/"},"modified":"2025-03-20T13:19:43","modified_gmt":"2025-03-20T12:19:43","slug":"avis-juridique","status":"publish","type":"page","link":"https:\/\/www.abades.com\/fr\/avis-juridique\/","title":{"rendered":"Avis Juridique"},"content":{"rendered":"<p><div class=\"fusion-fullwidth fullwidth-box fusion-builder-row-1 fusion-flex-container fusion-parallax-none nonhundred-percent-fullwidth non-hundred-percent-height-scrolling\" style=\"--awb-border-radius-top-left:0px;--awb-border-radius-top-right:0px;--awb-border-radius-bottom-right:0px;--awb-border-radius-bottom-left:0px;--awb-min-height:90vh;--awb-background-image:linear-gradient(180deg, #000000 0%,rgba(255,255,255,0) 30%),url(https:\/\/www.abades.com\/wp-content\/uploads\/2025\/02\/politica-imagen-principal.jpg);;--awb-background-size:cover;--awb-flex-wrap:wrap;\" ><div class=\"fusion-builder-row fusion-row fusion-flex-align-items-flex-start fusion-flex-align-content-center fusion-flex-content-wrap\" style=\"max-width:1248px;margin-left: calc(-4% \/ 2 );margin-right: calc(-4% \/ 2 );\"><div class=\"fusion-layout-column fusion_builder_column fusion-builder-column-0 fusion_builder_column_1_1 1_1 fusion-flex-column\" style=\"--awb-bg-blend:overlay;--awb-bg-size:cover;--awb-width-large:100%;--awb-margin-top-large:0px;--awb-spacing-right-large:1.92%;--awb-margin-bottom-large:0px;--awb-spacing-left-large:1.92%;--awb-width-medium:100%;--awb-spacing-right-medium:1.92%;--awb-spacing-left-medium:1.92%;--awb-width-small:100%;--awb-spacing-right-small:1.92%;--awb-spacing-left-small:1.92%;\"><div class=\"fusion-column-wrapper fusion-flex-justify-content-flex-start fusion-content-layout-column\"><div class=\"fusion-title title fusion-title-1 fusion-sep-none fusion-title-center fusion-title-text fusion-title-size-one\" style=\"--awb-text-color:var(--awb-color1);--awb-sep-color:var(--awb-color5);--awb-font-size:48px;\"><h1 class=\"fusion-title-heading title-heading-center\" style=\"margin:0;font-size:1em;\">AVIS JURIDIQUE<\/h1><\/div><div class=\"fusion-separator\" style=\"align-self: center;margin-left: auto;margin-right: auto;flex-grow:3;margin-bottom:20px;width:100%;max-width:120px;\"><div class=\"fusion-separator-border sep-single sep-solid\" style=\"--awb-height:20px;--awb-amount:20px;--awb-sep-color:var(--awb-color5);border-color:var(--awb-color5);border-top-width:5px;\"><\/div><\/div><\/div><\/div><\/div><\/div><div class=\"fusion-fullwidth fullwidth-box fusion-builder-row-2 fusion-flex-container has-pattern-background has-mask-background nonhundred-percent-fullwidth non-hundred-percent-height-scrolling\" style=\"--awb-border-radius-top-left:0px;--awb-border-radius-top-right:0px;--awb-border-radius-bottom-right:0px;--awb-border-radius-bottom-left:0px;--awb-padding-top:30p;--awb-flex-wrap:wrap;\" ><div class=\"fusion-builder-row fusion-row fusion-flex-align-items-flex-start fusion-flex-content-wrap\" style=\"max-width:1248px;margin-left: calc(-4% \/ 2 );margin-right: calc(-4% \/ 2 );\"><div class=\"fusion-layout-column fusion_builder_column fusion-builder-column-1 fusion_builder_column_1_1 1_1 fusion-flex-column\" style=\"--awb-padding-top:60px;--awb-padding-right:40px;--awb-padding-bottom:40px;--awb-padding-left:40px;--awb-bg-size:cover;--awb-width-large:100%;--awb-margin-top-large:0px;--awb-spacing-right-large:1.92%;--awb-margin-bottom-large:20px;--awb-spacing-left-large:1.92%;--awb-width-medium:100%;--awb-order-medium:0;--awb-spacing-right-medium:1.92%;--awb-spacing-left-medium:1.92%;--awb-width-small:100%;--awb-order-small:0;--awb-spacing-right-small:1.92%;--awb-spacing-left-small:1.92%;\"><div class=\"fusion-column-wrapper fusion-column-has-shadow fusion-flex-justify-content-flex-start fusion-content-layout-column\"><div class=\"fusion-text fusion-text-1\"><p><em>Nous nous conformons aux dispositions du 2e\u00a0paragraphe de l\u2019article\u00a022 de la loi\u00a034\/2002 du 11\u00a0juillet, concernant les services de la soci\u00e9t\u00e9 de l\u2019information et le commerce \u00e9lectronique (ci-apr\u00e8s \u00ab\u00a0LSSI\u00a0\u00bb), en lien avec le r\u00e8glement g\u00e9n\u00e9ral sur la protection des donn\u00e9es\u00a0(UE)\u00a02016\/679 du Parlement europ\u00e9en et du Conseil, dat\u00e9 du 27\u00a0avril\u00a02016 (ci-apr\u00e8s \u00ab\u00a0RGPD\u00a0\u00bb), ainsi qu\u2019avec la loi organique\u00a03\/2018 du 5\u00a0d\u00e9cembre, relative \u00e0 la protection des donn\u00e9es et \u00e0 la garantie des droits num\u00e9riques (ci-apr\u00e8s \u00ab\u00a0LOPDGDD\u00a0\u00bb).<\/em><\/p>\n<p>Nous tenons \u00e0 vous informer que l\u2019acc\u00e8s au site Web et son utilisation sont soumis aux pr\u00e9sentes conditions g\u00e9n\u00e9rales d\u2019utilisation. Nous vous recommandons vivement de les lire. En tant qu\u2019utilisateur, vous vous engagez \u00e0 utiliser le site\u00a0Web conform\u00e9ment aux pr\u00e9sentes, ainsi qu\u2019aux dispositions r\u00e9glementaires en vigueur au moment de son utilisation.<\/p>\n<p>Conform\u00e9ment \u00e0 l\u2019article 10 de la loi\u00a034\/2002, du\u00a011\u00a0juillet, sur les services de la soci\u00e9t\u00e9 de l\u2019information et le commerce \u00e9lectronique, les informations d\u2019identification sont d\u00e9taill\u00e9es ci-dessous.<\/p>\n<h3>1. DONN\u00c9ES D\u2019IDENTIFICATION<\/h3>\n<ul>\n<li><strong>Raison sociale\u00a0:<\/strong> UNION\u00a0DE\u00a0EMPRESAS\u00a0ABADES, S.L.<\/li>\n<li><strong>Nom commercial\u00a0:<\/strong> GRUPO\u00a0ABADES<\/li>\n<li><strong>NIF\u00a0:<\/strong> B19510510<\/li>\n<li><strong>Si\u00e8ge social\u00a0:<\/strong> Autoroute\u00a0A92 \u2013 PK\u00a0189. 3e\u00a0\u00e9tage CP\u00a018300 Loja \u2013 Grenade (Espagne)<\/li>\n<li><strong>T\u00e9l\u00e9phone de contact\u00a0:<\/strong> (+34)\u00a0958\u00a032\u00a072\u00a000<\/li>\n<li><strong>E-mail de contact<\/strong>\u00a0: abades@abades.com<\/li>\n<li><strong>Inscription de la soci\u00e9t\u00e9\u00a0<\/strong>: Registre du commerce de Grenade \u2013 Tome\u00a0: 1477\u2013 Livre\u00a0: 0 \u2013 Folio\u00a0: 196 \u2013 Feuillet\u00a0: GR-42477 Inscription\u00a01.<\/li>\n<li><a href=\"https:\/\/www.abades.com\/dominios-empresas\/\">Domaines appartenant \u00e0 Grupo\u00a0Abades<\/a> (ci-apr\u00e8s \u00ab\u00a0le site Web\u00a0\u00bb).<\/li>\n<\/ul>\n<h3>2. OBJET<\/h3>\n<p>Le site Web est la propri\u00e9t\u00e9 d\u2019UNION\u00a0DE\u00a0EMPRESAS\u00a0ABADES,S.L. (ci-apr\u00e8s le \u00ab\u00a0fournisseur\u00a0\u00bb) et a pour finalit\u00e9 la divulgation et la fourniture de nos services. Nous mettons \u00e0 votre disposition le pr\u00e9sent document dans le but de nous conformer aux obligations pr\u00e9vues par la loi\u00a034\/2002, des services de la soci\u00e9t\u00e9 de l\u2019information et du commerce \u00e9lectronique (LSSI-CE), et vous informer des conditions g\u00e9n\u00e9rales d\u2019utilisation du pr\u00e9sent site Web.<\/p>\n<h3>3. CONDITIONS D\u2019UTILISATION<\/h3>\n<p>Le contenu et les services disponibles sur le site\u00a0Web sont soumis aux pr\u00e9sentes conditions g\u00e9n\u00e9rales d\u2019utilisation et \u00e0 la politique de traitement des donn\u00e9es \u00e0 caract\u00e8re personnel (ci-apr\u00e8s la \u00ab\u00a0politique de confidentialit\u00e9\u00a0\u00bb). En acc\u00e9dant \u00e0 ce site\u00a0Web ou en l\u2019utilisant, vous devenez un \u00ab\u00a0utilisateur\u00a0\u00bb et vous acceptez sans r\u00e9serve chacune des pr\u00e9sentes conditions. Nous nous r\u00e9servons le droit de les modifier \u00e0 tout moment, c\u2019est pourquoi il vous incombe de les lire attentivement chaque fois que vous acc\u00e9dez au site\u00a0Web. En cas de d\u00e9saccord avec l\u2019une de ces dispositions, veuillez vous abstenir d\u2019utiliser le site\u00a0Web.<\/p>\n<p>De m\u00eame, nous vous informons que, dans certains cas, des conditions sp\u00e9cifiques peuvent \u00eatre instaur\u00e9es pour l\u2019utilisation de contenus et de services particuliers sur le site Web. L\u2019usage de ces contenus ou services impliquera donc l\u2019acceptation des conditions qui y sont \u00e9nonc\u00e9es.<\/p>\n<h3>4. RESPONSABILIT\u00c9 DU FOURNISSEUR ET CAS DE FORCE MAJEURE<\/h3>\n<p>Le fournisseur se r\u00e9serve le droit d\u2019interrompre le service ou de mettre fin imm\u00e9diatement \u00e0 la relation avec l\u2019utilisateur s\u2019il constate que l\u2019utilisation de son site\u00a0Web ou de l\u2019un des services offerts viole les pr\u00e9sentes conditions g\u00e9n\u00e9rales d\u2019utilisation.<\/p>\n<p>Nous avons analys\u00e9 et test\u00e9 ce site Web afin de garantir son bon fonctionnement. En principe, nous pouvons garantir que le service fonctionne correctement 365\u00a0jours par an, 24\u00a0heures sur 24. Cependant, nous ne pouvons pas exclure qu\u2019il puisse y avoir des cas de force majeure ou des \u00e9v\u00e9nements inattendus qui rendent l\u2019acc\u00e8s au site Web impossible. Par cons\u00e9quent, nous ne garantissons pas l\u2019acc\u00e8s continu, ni la visualisation correcte, le t\u00e9l\u00e9chargement ou l\u2019utilisation corrects des \u00e9l\u00e9ments et informations contenus dans le site\u00a0Web, qui peuvent \u00eatre entrav\u00e9s, rendus difficiles ou interrompus par des facteurs ou circonstances \u00e9chappant \u00e0 notre volont\u00e9.<\/p>\n<p>Nous ne saurions \u00eatre tenus pour responsables des dommages, pertes, r\u00e9clamations ou d\u00e9penses r\u00e9sultant de l\u2019utilisation du site\u00a0Web. Notre responsabilit\u00e9 se limite \u00e0 retirer, dans les meilleurs d\u00e9lais, les contenus pouvant causer de tels dommages, \u00e0 condition d\u2019en \u00eatre inform\u00e9s.<\/p>\n<p>En particulier, nous ne saurions \u00eatre tenus pour responsables des dommages susceptibles de d\u00e9couler, entre autres, de\u00a0:<\/p>\n<p>Interf\u00e9rences, interruptions, pannes, omissions, pannes t\u00e9l\u00e9phoniques, retards, blocages ou d\u00e9connexions dans le fonctionnement du syst\u00e8me \u00e9lectronique, caus\u00e9s par des d\u00e9faillances, des surcharges et des erreurs des lignes et r\u00e9seaux de t\u00e9l\u00e9communications, ou pour toute autre raison \u00e9chappant \u00e0 notre contr\u00f4le.<br \/>\nIntrusions ill\u00e9gitimes par l\u2019utilisation de programmes malveillants de toute nature et par tout moyen de communication, tels que les virus informatiques ou tout autre.<br \/>\nUtilisation abusive ou inappropri\u00e9e du site Web.<br \/>\nErreurs de s\u00e9curit\u00e9 ou de navigation caus\u00e9es par un dysfonctionnement du navigateur ou par l\u2019utilisation de versions non mises \u00e0 jour de celui-ci.<br \/>\nConflits sociaux, gr\u00e8ves, r\u00e9bellions, explosions, inondations, actes et omissions du gouvernement.<br \/>\nNous d\u00e9clinons toute responsabilit\u00e9 pour les informations publi\u00e9es sur le site\u00a0Web dans la mesure o\u00f9 ces informations ont \u00e9t\u00e9 manipul\u00e9es ou introduites par un tiers ext\u00e9rieur \u00e0 celui-ci, pour les informations et les contenus stock\u00e9s, notamment, dans les forums, les chats, les blogs, les commentaires, les r\u00e9seaux sociaux ou tout autre support permettant \u00e0 des tiers de publier des contenus de mani\u00e8re ind\u00e9pendante sur notre site Web. Toutefois, et conform\u00e9ment aux dispositions des articles\u00a011 et 16 de la LSSICE, nous sommes \u00e0 la disposition de tous les utilisateurs, forces et corps de s\u00e9curit\u00e9, en collaborant activement au retrait et, le cas \u00e9ch\u00e9ant, au blocage de tout contenu susceptible d\u2019affecter ou de contrevenir \u00e0 la l\u00e9gislation nationale ou internationale, aux droits des tiers ou \u00e0 la morale et \u00e0 l\u2019ordre public.<\/p>\n<h3>5. OBLIGATIONS DE L\u2019UTILISATEUR<\/h3>\n<p>En tant qu\u2019utilisateur, vous vous engagez\u00a0:<\/p>\n<p>\u00c0 faire un usage ad\u00e9quat et licite du site\u00a0Web ainsi que des contenus et services qui y figurent, conform\u00e9ment aux l\u00e9gislations applicables \u00e0 tout moment, aux conditions g\u00e9n\u00e9rales d\u2019utilisation du site Web\u00a0; aux bonnes m\u0153urs, \u00e0 l\u2019\u00e9thique et \u00e0 l\u2019ordre public g\u00e9n\u00e9ralement admis.<br \/>\n\u00c0 fournir des informations v\u00e9ridiques en remplissant les formulaires du site Web avec vos donn\u00e9es personnelles et \u00e0 les tenir \u00e0 jour \u00e0 tout moment afin qu\u2019elles soient conformes \u00e0 votre situation r\u00e9elle.<br \/>\nVous \u00eates le seul responsable de toute d\u00e9claration incorrecte ou inexacte que vous ferez et de tout pr\u00e9judice que vous nous causerez ou que vous infligerez \u00e0 des tiers en lien avec les informations fournies.<\/p>\n<p>\u00c0 faire un usage non autoris\u00e9 ou frauduleux du site Web ou de ses contenus, \u00e0 des fins ou effets illicites, interdits dans les pr\u00e9sentes conditions d\u2019utilisation, pr\u00e9judiciables aux droits et int\u00e9r\u00eats de tiers ou susceptibles d\u2019endommager, de rendre inutilisable, de surcharger, de d\u00e9t\u00e9riorer ou d\u2019emp\u00eacher l\u2019utilisation normale des services ou des documents, fichiers et tous types de contenus stock\u00e9s sur tout \u00e9quipement informatique.<\/p>\n<p>Si vous enfreignez, par n\u00e9gligence ou de mani\u00e8re frauduleuse, l\u2019une des obligations stipul\u00e9es dans les pr\u00e9sentes conditions g\u00e9n\u00e9rales d\u2019utilisation, vous serez tenu responsable de tous les dommages et pr\u00e9judices qui pourraient nous \u00eatre caus\u00e9s du fait de ce non-respect.<\/p>\n<h3>6. HYPERLIENS<\/h3>\n<p>Le site Web peut inclure des liens vers des sites tiers sur lesquels nous n\u2019exer\u00e7ons aucun contr\u00f4le, et par cons\u00e9quent, nous ne pouvons pas \u00eatre tenus responsables de leurs contenus. Dans tous les cas, nous nous engageons \u00e0 retirer sans d\u00e9lai tout lien vers un site\u00a0Web et tout contenu susceptible de contrevenir aux lois nationales ou internationales, aux normes \u00e9thiques ou \u00e0 l\u2019ordre public, en en informant les autorit\u00e9s comp\u00e9tentes.<\/p>\n<h3>7. PROPRI\u00c9T\u00c9 INTELLECTUELLE ET INDUSTRIELLE<\/h3>\n<p>Le site Web, comprenant \u00e0 titre \u00e9nonciatif, mais non limitatif, la programmation, l\u2019\u00e9dition, la compilation et autres \u00e9l\u00e9ments n\u00e9cessaires \u00e0 son fonctionnement, les conceptions, logos, textes et graphiques sont la propri\u00e9t\u00e9 du fournisseur, ou le cas \u00e9ch\u00e9ant, il dispose d\u2019une licence ou est autoris\u00e9 par les auteurs. Tous les contenus du site Web sont d\u00fbment prot\u00e9g\u00e9s par les lois sur la propri\u00e9t\u00e9 intellectuelle et industrielle, et inscrits dans les registres publics correspondants.<\/p>\n<p>Quelle que soit l\u2019utilisation \u00e0 laquelle ils sont destin\u00e9s, la reproduction totale ou partielle, l\u2019utilisation, l\u2019exploitation, la distribution et la commercialisation, n\u00e9cessite en tout \u00e9tat de cause notre autorisation \u00e9crite pr\u00e9alable. Toute utilisation non autoris\u00e9e est consid\u00e9r\u00e9e comme une violation grave des droits de propri\u00e9t\u00e9 intellectuelle ou industrielle de l\u2019auteur.<\/p>\n<p>Les designs, logos, textes et graphiques n\u2019appartenant pas au fournisseur et pouvant appara\u00eetre sur le site Web appartiennent \u00e0 leurs propri\u00e9taires respectifs, \u00e9tant eux-m\u00eames responsables de toute controverse \u00e9ventuelle qui pourrait survenir \u00e0 leur \u00e9gard.<\/p>\n<p>Pour toute observation concernant d\u2019\u00e9ventuelles violations des droits de propri\u00e9t\u00e9 intellectuelle ou industrielle, ainsi que sur tout contenu du site Web, veuillez nous en informer en envoyant un e-mail \u00e0 : <a href=\"mailto:abades@abades.com\">abades@abades.com<\/a><\/p>\n<h3>8. DUR\u00c9E, SUSPENSION, R\u00c9SILIATION ET JURIDICTION<\/h3>\n<p>En principe, la prestation des services de ce site Web et des autres services est pour une dur\u00e9e ind\u00e9finie. Cependant, nous nous r\u00e9servons le droit de mettre fin ou de suspendre l\u2019un des services propos\u00e9s, en vous en informant au plus vite dans la mesure de nos moyens.<\/p>\n<p>Les pr\u00e9sentes conditions g\u00e9n\u00e9rales d\u2019utilisation, ainsi que l\u2019utilisation du site\u00a0Web, sont r\u00e9gies par la l\u00e9gislation espagnole. Tout litige sera r\u00e9solu devant les cours et tribunaux comp\u00e9tents.<\/p>\n<p>Dans le cas o\u00f9 l\u2019une des dispositions de ces conditions g\u00e9n\u00e9rales d\u2019utilisation serait d\u00e9clar\u00e9e inex\u00e9cutable ou nulle par les r\u00e9glementations en vigueur ou en raison d\u2019une d\u00e9cision judiciaire ou administrative, cela n\u2019entraine en aucun cas l\u2019invalidit\u00e9 ni l\u2019inex\u00e9cutabilit\u00e9 de l\u2019ensemble des conditions g\u00e9n\u00e9rales d\u2019utilisation. Dans ce cas, nous modifierons ou remplacerons la stipulation concern\u00e9e par une autre stipulation valide et ex\u00e9cutoire et qui, dans la mesure du possible, respecte l\u2019objectif et l\u2019intention refl\u00e9t\u00e9s de la stipulation initiale.<\/p>\n<h3>9. POLITIQUE DE CONFIDENTIALIT\u00c9<\/h3>\n<p>Conform\u00e9ment aux dispositions de la l\u00e9gislation applicable en mati\u00e8re de protection des donn\u00e9es, toutes les donn\u00e9es personnelles fournies par l\u2019utilisateur \u00e0 travers les formulaires correspondants lors de l\u2019utilisation du site Web seront trait\u00e9es par le fournisseur conform\u00e9ment aux dispositions de la politique de confidentialit\u00e9 du site\u00a0Web.<\/p>\n<p>Le fournisseur s\u2019engage \u00e0 traiter les donn\u00e9es personnelles de l\u2019utilisateur de fa\u00e7on confidentielle et en conformit\u00e9 avec les r\u00e9glementations en vigueur sur la protection des donn\u00e9es, sans les communiquer \u00e0 des tiers, sauf si cela est requis pour l\u2019ex\u00e9cution d\u2019obligations contractuelles ou en vertu d\u2019une obligation l\u00e9gale.<\/p>\n<h3>INFORMATIONS DE BASE SUR LA POLITIQUE DE CONFIDENTIALIT\u00c9<\/h3>\n<p>Responsable du traitement\u00a0: UNI\u00d3N\u00a0DE\u00a0EMPRESAS\u00a0ABADES, S.L. (Groupe Abades)<\/p>\n<p>Finalit\u00e9\u00a0: Assurer la prestation des services offerts sur le site\u00a0Web et g\u00e9rer d\u2019autres relations pouvant surgir avec le fournisseur \u00e0 la suite des demandes, formalit\u00e9s ou d\u00e9marches r\u00e9alis\u00e9es par l\u2019utilisateur par le biais du site\u00a0Web.<\/p>\n<p>Base l\u00e9gale\u00a0: conform\u00e9ment aux dispositions du r\u00e8glement (UE) 2016\/679 et de la LOPDGDD 3\/2018.<\/p>\n<p>Consentement de la personne concern\u00e9e<\/p>\n<p>Respect des obligations l\u00e9gales<\/p>\n<p>Ex\u00e9cution d\u2019un contrat ou d\u2019un pr\u00e9contrat.<\/p>\n<p>Destinataires\u00a0: Tiers susceptibles d\u2019\u00eatre impliqu\u00e9s dans le d\u00e9veloppement, la gestion et le contr\u00f4le de la relation juridique \u00e0 \u00e9tablir, lorsque l\u2019utilisateur a donn\u00e9 son autorisation l\u00e9gale \u00e0 cet \u00e9gard, ainsi que les autorit\u00e9s publiques comp\u00e9tentes et les entit\u00e9s li\u00e9es \u00e0 l\u2019ex\u00e9cution des obligations contractuelles.<\/p>\n<p>Droits\u00a0: Acc\u00e8s, rectification, suppression, portabilit\u00e9, limitation et opposition. Vous avez \u00e9galement le droit de vous opposer \u00e0 recevoir des communications de notre part, et de r\u00e9voquer votre consentement \u00e0 tout moment.<\/p>\n<p>Informations compl\u00e9mentaires\u00a0: Vous pouvez obtenir toutes les informations compl\u00e9mentaires et d\u00e9taill\u00e9es sur le traitement et la protection de vos donn\u00e9es personnelles en cliquant sur ce <a href=\"https:\/\/abades.com\/fr\/politique-confidentialite\">lien<\/a>.<\/p>\n<\/div><\/div><\/div><\/div><\/div><\/p>\n","protected":false},"excerpt":{"rendered":"","protected":false},"author":3,"featured_media":0,"parent":0,"menu_order":0,"comment_status":"closed","ping_status":"closed","template":"100-width.php","meta":{"footnotes":""},"class_list":["post-213154","page","type-page","status-publish","hentry"],"yoast_head":"<!-- This site is optimized with the Yoast SEO plugin v26.3 - https:\/\/yoast.com\/wordpress\/plugins\/seo\/ -->\n<title>Avis Juridique - Grupo Abades<\/title>\n<meta name=\"robots\" content=\"index, follow, max-snippet:-1, max-image-preview:large, max-video-preview:-1\" \/>\n<link rel=\"canonical\" href=\"https:\/\/www.abades.com\/fr\/avis-juridique\/\" \/>\n<meta property=\"og:locale\" content=\"fr_FR\" \/>\n<meta property=\"og:type\" content=\"article\" \/>\n<meta property=\"og:title\" content=\"Avis Juridique - Grupo Abades\" \/>\n<meta property=\"og:url\" content=\"https:\/\/www.abades.com\/fr\/avis-juridique\/\" \/>\n<meta property=\"og:site_name\" content=\"Grupo Abades\" \/>\n<meta property=\"article:publisher\" content=\"https:\/\/www.facebook.com\/grupoabades\" \/>\n<meta property=\"article:modified_time\" content=\"2025-03-20T12:19:43+00:00\" \/>\n<meta name=\"twitter:card\" content=\"summary_large_image\" \/>\n<meta name=\"twitter:label1\" content=\"Dur\u00e9e de lecture estim\u00e9e\" \/>\n\t<meta name=\"twitter:data1\" content=\"9 minutes\" \/>\n<script type=\"application\/ld+json\" class=\"yoast-schema-graph\">{\"@context\":\"https:\/\/schema.org\",\"@graph\":[{\"@type\":\"WebPage\",\"@id\":\"https:\/\/www.abades.com\/fr\/avis-juridique\/\",\"url\":\"https:\/\/www.abades.com\/fr\/avis-juridique\/\",\"name\":\"Avis Juridique - Grupo Abades\",\"isPartOf\":{\"@id\":\"https:\/\/www.abades.com\/fr\/#website\"},\"datePublished\":\"2025-02-07T14:43:45+00:00\",\"dateModified\":\"2025-03-20T12:19:43+00:00\",\"breadcrumb\":{\"@id\":\"https:\/\/www.abades.com\/fr\/avis-juridique\/#breadcrumb\"},\"inLanguage\":\"fr-FR\",\"potentialAction\":[{\"@type\":\"ReadAction\",\"target\":[\"https:\/\/www.abades.com\/fr\/avis-juridique\/\"]}]},{\"@type\":\"BreadcrumbList\",\"@id\":\"https:\/\/www.abades.com\/fr\/avis-juridique\/#breadcrumb\",\"itemListElement\":[{\"@type\":\"ListItem\",\"position\":1,\"name\":\"Portada\",\"item\":\"https:\/\/www.abades.com\/fr\/\"},{\"@type\":\"ListItem\",\"position\":2,\"name\":\"Avis Juridique\"}]},{\"@type\":\"WebSite\",\"@id\":\"https:\/\/www.abades.com\/fr\/#website\",\"url\":\"https:\/\/www.abades.com\/fr\/\",\"name\":\"Grupo Abades\",\"description\":\"Excelente Decisi\u00f3n\",\"publisher\":{\"@id\":\"https:\/\/www.abades.com\/fr\/#organization\"},\"alternateName\":\"Grupo Abades\",\"potentialAction\":[{\"@type\":\"SearchAction\",\"target\":{\"@type\":\"EntryPoint\",\"urlTemplate\":\"https:\/\/www.abades.com\/fr\/?s={search_term_string}\"},\"query-input\":{\"@type\":\"PropertyValueSpecification\",\"valueRequired\":true,\"valueName\":\"search_term_string\"}}],\"inLanguage\":\"fr-FR\"},{\"@type\":\"Organization\",\"@id\":\"https:\/\/www.abades.com\/fr\/#organization\",\"name\":\"Grupo Abades\",\"alternateName\":\"Grupo Abades\",\"url\":\"https:\/\/www.abades.com\/fr\/\",\"logo\":{\"@type\":\"ImageObject\",\"inLanguage\":\"fr-FR\",\"@id\":\"https:\/\/www.abades.com\/fr\/#\/schema\/logo\/image\/\",\"url\":\"https:\/\/www.abades.com\/wp-content\/uploads\/2025\/02\/favicon-abades-270.jpg\",\"contentUrl\":\"https:\/\/www.abades.com\/wp-content\/uploads\/2025\/02\/favicon-abades-270.jpg\",\"width\":270,\"height\":270,\"caption\":\"Grupo Abades\"},\"image\":{\"@id\":\"https:\/\/www.abades.com\/fr\/#\/schema\/logo\/image\/\"},\"sameAs\":[\"https:\/\/www.facebook.com\/grupoabades\",\"https:\/\/www.instagram.com\/abades\/\",\"https:\/\/www.youtube.com\/@grupoabades\"]}]}<\/script>\n<!-- \/ Yoast SEO plugin. -->","yoast_head_json":{"title":"Avis Juridique - Grupo Abades","robots":{"index":"index","follow":"follow","max-snippet":"max-snippet:-1","max-image-preview":"max-image-preview:large","max-video-preview":"max-video-preview:-1"},"canonical":"https:\/\/www.abades.com\/fr\/avis-juridique\/","og_locale":"fr_FR","og_type":"article","og_title":"Avis Juridique - Grupo Abades","og_url":"https:\/\/www.abades.com\/fr\/avis-juridique\/","og_site_name":"Grupo Abades","article_publisher":"https:\/\/www.facebook.com\/grupoabades","article_modified_time":"2025-03-20T12:19:43+00:00","twitter_card":"summary_large_image","twitter_misc":{"Dur\u00e9e de lecture estim\u00e9e":"9 minutes"},"schema":{"@context":"https:\/\/schema.org","@graph":[{"@type":"WebPage","@id":"https:\/\/www.abades.com\/fr\/avis-juridique\/","url":"https:\/\/www.abades.com\/fr\/avis-juridique\/","name":"Avis Juridique - Grupo Abades","isPartOf":{"@id":"https:\/\/www.abades.com\/fr\/#website"},"datePublished":"2025-02-07T14:43:45+00:00","dateModified":"2025-03-20T12:19:43+00:00","breadcrumb":{"@id":"https:\/\/www.abades.com\/fr\/avis-juridique\/#breadcrumb"},"inLanguage":"fr-FR","potentialAction":[{"@type":"ReadAction","target":["https:\/\/www.abades.com\/fr\/avis-juridique\/"]}]},{"@type":"BreadcrumbList","@id":"https:\/\/www.abades.com\/fr\/avis-juridique\/#breadcrumb","itemListElement":[{"@type":"ListItem","position":1,"name":"Portada","item":"https:\/\/www.abades.com\/fr\/"},{"@type":"ListItem","position":2,"name":"Avis Juridique"}]},{"@type":"WebSite","@id":"https:\/\/www.abades.com\/fr\/#website","url":"https:\/\/www.abades.com\/fr\/","name":"Grupo Abades","description":"Excelente Decisi\u00f3n","publisher":{"@id":"https:\/\/www.abades.com\/fr\/#organization"},"alternateName":"Grupo Abades","potentialAction":[{"@type":"SearchAction","target":{"@type":"EntryPoint","urlTemplate":"https:\/\/www.abades.com\/fr\/?s={search_term_string}"},"query-input":{"@type":"PropertyValueSpecification","valueRequired":true,"valueName":"search_term_string"}}],"inLanguage":"fr-FR"},{"@type":"Organization","@id":"https:\/\/www.abades.com\/fr\/#organization","name":"Grupo Abades","alternateName":"Grupo Abades","url":"https:\/\/www.abades.com\/fr\/","logo":{"@type":"ImageObject","inLanguage":"fr-FR","@id":"https:\/\/www.abades.com\/fr\/#\/schema\/logo\/image\/","url":"https:\/\/www.abades.com\/wp-content\/uploads\/2025\/02\/favicon-abades-270.jpg","contentUrl":"https:\/\/www.abades.com\/wp-content\/uploads\/2025\/02\/favicon-abades-270.jpg","width":270,"height":270,"caption":"Grupo Abades"},"image":{"@id":"https:\/\/www.abades.com\/fr\/#\/schema\/logo\/image\/"},"sameAs":["https:\/\/www.facebook.com\/grupoabades","https:\/\/www.instagram.com\/abades\/","https:\/\/www.youtube.com\/@grupoabades"]}]}},"_links":{"self":[{"href":"https:\/\/www.abades.com\/fr\/wp-json\/wp\/v2\/pages\/213154","targetHints":{"allow":["GET"]}}],"collection":[{"href":"https:\/\/www.abades.com\/fr\/wp-json\/wp\/v2\/pages"}],"about":[{"href":"https:\/\/www.abades.com\/fr\/wp-json\/wp\/v2\/types\/page"}],"author":[{"embeddable":true,"href":"https:\/\/www.abades.com\/fr\/wp-json\/wp\/v2\/users\/3"}],"replies":[{"embeddable":true,"href":"https:\/\/www.abades.com\/fr\/wp-json\/wp\/v2\/comments?post=213154"}],"version-history":[{"count":3,"href":"https:\/\/www.abades.com\/fr\/wp-json\/wp\/v2\/pages\/213154\/revisions"}],"predecessor-version":[{"id":213160,"href":"https:\/\/www.abades.com\/fr\/wp-json\/wp\/v2\/pages\/213154\/revisions\/213160"}],"wp:attachment":[{"href":"https:\/\/www.abades.com\/fr\/wp-json\/wp\/v2\/media?parent=213154"}],"curies":[{"name":"wp","href":"https:\/\/api.w.org\/{rel}","templated":true}]}}