{"id":213222,"date":"2025-02-06T15:39:59","date_gmt":"2025-02-06T14:39:59","guid":{"rendered":"https:\/\/www.abades.com\/fundacion\/"},"modified":"2025-04-04T10:55:45","modified_gmt":"2025-04-04T08:55:45","slug":"fondation","status":"publish","type":"page","link":"https:\/\/www.abades.com\/fr\/fondation\/","title":{"rendered":"Fondation Abades"},"content":{"rendered":"<p><div class=\"fusion-fullwidth fullwidth-box fusion-builder-row-1 fusion-flex-container fusion-parallax-none nonhundred-percent-fullwidth non-hundred-percent-height-scrolling\" style=\"--awb-border-radius-top-left:0px;--awb-border-radius-top-right:0px;--awb-border-radius-bottom-right:0px;--awb-border-radius-bottom-left:0px;--awb-min-height:90vh;--awb-background-image:linear-gradient(180deg, #000000 0%,rgba(255,255,255,0) 30%),url(https:\/\/www.abades.com\/wp-content\/uploads\/2025\/02\/rsc-imagen-principal.jpg);;--awb-background-size:cover;--awb-flex-wrap:wrap;\" ><div class=\"fusion-builder-row fusion-row fusion-flex-align-items-flex-start fusion-flex-align-content-center fusion-flex-content-wrap\" style=\"max-width:1248px;margin-left: calc(-4% \/ 2 );margin-right: calc(-4% \/ 2 );\"><div class=\"fusion-layout-column fusion_builder_column fusion-builder-column-0 fusion_builder_column_1_1 1_1 fusion-flex-column\" style=\"--awb-bg-blend:overlay;--awb-bg-size:cover;--awb-width-large:100%;--awb-margin-top-large:0px;--awb-spacing-right-large:1.92%;--awb-margin-bottom-large:0px;--awb-spacing-left-large:1.92%;--awb-width-medium:100%;--awb-spacing-right-medium:1.92%;--awb-spacing-left-medium:1.92%;--awb-width-small:100%;--awb-spacing-right-small:1.92%;--awb-spacing-left-small:1.92%;\"><div class=\"fusion-column-wrapper fusion-flex-justify-content-flex-start fusion-content-layout-column\"><div class=\"fusion-title title fusion-title-1 fusion-sep-none fusion-title-center fusion-title-text fusion-title-size-one\" style=\"--awb-text-color:var(--awb-color1);--awb-sep-color:var(--awb-color5);--awb-font-size:48px;\"><h1 class=\"fusion-title-heading title-heading-center\" style=\"margin:0;font-size:1em;\">FONDATION ABADES<\/h1><\/div><div class=\"fusion-separator\" style=\"align-self: center;margin-left: auto;margin-right: auto;flex-grow:3;margin-bottom:20px;width:100%;max-width:120px;\"><div class=\"fusion-separator-border sep-single sep-solid\" style=\"--awb-height:20px;--awb-amount:20px;--awb-sep-color:var(--awb-color5);border-color:var(--awb-color5);border-top-width:5px;\"><\/div><\/div><div class=\"fusion-text fusion-text-1\" style=\"--awb-font-size:28px;--awb-text-color:var(--awb-color1);\"><p style=\"text-align: center;\">NOUS PRENONS SOIN DE NOTRE ENVIRONNEMENT<\/p>\n<\/div><\/div><\/div><\/div><\/div><div class=\"fusion-fullwidth fullwidth-box fusion-builder-row-2 fusion-flex-container has-pattern-background has-mask-background nonhundred-percent-fullwidth non-hundred-percent-height-scrolling\" style=\"--awb-border-radius-top-left:0px;--awb-border-radius-top-right:0px;--awb-border-radius-bottom-right:0px;--awb-border-radius-bottom-left:0px;--awb-padding-top:30p;--awb-flex-wrap:wrap;\" ><div class=\"fusion-builder-row fusion-row fusion-flex-align-items-flex-start fusion-flex-content-wrap\" style=\"max-width:1248px;margin-left: calc(-4% \/ 2 );margin-right: calc(-4% \/ 2 );\"><div class=\"fusion-layout-column fusion_builder_column fusion-builder-column-1 fusion_builder_column_1_3 1_3 fusion-flex-column\" style=\"--awb-padding-top:60px;--awb-padding-right:40px;--awb-padding-bottom:40px;--awb-padding-left:40px;--awb-bg-size:cover;--awb-width-large:33.333333333333%;--awb-margin-top-large:0px;--awb-spacing-right-large:5.76%;--awb-margin-bottom-large:20px;--awb-spacing-left-large:5.76%;--awb-width-medium:33.333333333333%;--awb-order-medium:0;--awb-spacing-right-medium:5.76%;--awb-spacing-left-medium:5.76%;--awb-width-small:100%;--awb-order-small:0;--awb-spacing-right-small:1.92%;--awb-spacing-left-small:1.92%;\"><div class=\"fusion-column-wrapper fusion-column-has-shadow fusion-flex-justify-content-flex-start fusion-content-layout-column\"><div class=\"fusion-image-element \" style=\"--awb-caption-title-font-family:var(--h2_typography-font-family);--awb-caption-title-font-weight:var(--h2_typography-font-weight);--awb-caption-title-font-style:var(--h2_typography-font-style);--awb-caption-title-size:var(--h2_typography-font-size);--awb-caption-title-transform:var(--h2_typography-text-transform);--awb-caption-title-line-height:var(--h2_typography-line-height);--awb-caption-title-letter-spacing:var(--h2_typography-letter-spacing);\"><span class=\" fusion-imageframe imageframe-none imageframe-1 hover-type-none\"><img decoding=\"async\" width=\"800\" height=\"607\" alt=\"Logotipo Fundaci\u00f3n Abades\" title=\"logo-fundacion-abades\" src=\"https:\/\/www.abades.com\/wp-content\/uploads\/2025\/02\/logo-fundacion-abades.jpg\" class=\"img-responsive wp-image-212363\" srcset=\"https:\/\/www.abades.com\/wp-content\/uploads\/2025\/02\/logo-fundacion-abades-200x152.jpg 200w, https:\/\/www.abades.com\/wp-content\/uploads\/2025\/02\/logo-fundacion-abades-400x304.jpg 400w, https:\/\/www.abades.com\/wp-content\/uploads\/2025\/02\/logo-fundacion-abades-600x455.jpg 600w, https:\/\/www.abades.com\/wp-content\/uploads\/2025\/02\/logo-fundacion-abades.jpg 800w\" sizes=\"(max-width: 640px) 100vw, 400px\" \/><\/span><\/div><\/div><\/div><div class=\"fusion-layout-column fusion_builder_column fusion-builder-column-2 fusion_builder_column_2_3 2_3 fusion-flex-column\" style=\"--awb-padding-top:60px;--awb-padding-right:40px;--awb-padding-bottom:40px;--awb-padding-left:40px;--awb-bg-size:cover;--awb-width-large:66.666666666667%;--awb-margin-top-large:0px;--awb-spacing-right-large:2.88%;--awb-margin-bottom-large:20px;--awb-spacing-left-large:2.88%;--awb-width-medium:66.666666666667%;--awb-order-medium:0;--awb-spacing-right-medium:2.88%;--awb-spacing-left-medium:2.88%;--awb-width-small:100%;--awb-order-small:0;--awb-spacing-right-small:1.92%;--awb-spacing-left-small:1.92%;\"><div class=\"fusion-column-wrapper fusion-column-has-shadow fusion-flex-justify-content-flex-start fusion-content-layout-column\"><div class=\"fusion-text fusion-text-2\"><p>La Fondation Abades poursuit \u00ab la promotion et la d\u00e9fense de l&rsquo;assistance sociale, de la culture dans toutes ses manifestations, de l&rsquo;\u00e9ducation et du sport, avec une attention particuli\u00e8re pour les enfants, soit \u00e0 travers ses propres programmes, soit en collaboration avec d&rsquo;autres entit\u00e9s \u00bb, comme indiqu\u00e9 dans les objectifs fondamentaux et les activit\u00e9s de ses statuts.<\/p>\n<p>La Fondation Abades exerce ses activit\u00e9s dans le cadre territorial de la Communaut\u00e9 autonome d&rsquo;Andalousie, sans pr\u00e9judice de l&rsquo;\u00e9tablissement de relations avec des entit\u00e9s d&rsquo;autres territoires au niveau national ou international.<\/p>\n<p>Avec des bureaux op\u00e9rationnels \u00e0 Grenade et \u00e0 S\u00e9ville, le si\u00e8ge de la Fondation est situ\u00e9 \u00e0 Loja.<\/p>\n<\/div><\/div><\/div><div class=\"fusion-layout-column fusion_builder_column fusion-builder-column-3 fusion_builder_column_2_3 2_3 fusion-flex-column\" style=\"--awb-padding-top:60px;--awb-padding-right:40px;--awb-padding-bottom:40px;--awb-padding-left:40px;--awb-bg-size:cover;--awb-width-large:66.666666666667%;--awb-margin-top-large:0px;--awb-spacing-right-large:2.88%;--awb-margin-bottom-large:20px;--awb-spacing-left-large:2.88%;--awb-width-medium:66.666666666667%;--awb-order-medium:0;--awb-spacing-right-medium:2.88%;--awb-spacing-left-medium:2.88%;--awb-width-small:100%;--awb-order-small:0;--awb-spacing-right-small:1.92%;--awb-spacing-left-small:1.92%;\"><div class=\"fusion-column-wrapper fusion-column-has-shadow fusion-flex-justify-content-flex-start fusion-content-layout-column\"><div class=\"fusion-text fusion-text-3\"><p>Les principes adopt\u00e9s par la Fondation Abades sont bas\u00e9s sur le Pacte mondial des Nations unies.<\/p>\n<p>Les entreprises sont invit\u00e9es \u00e0 soutenir et \u00e0 respecter la protection des droits de l&rsquo;homme internationalement reconnus dans leur sph\u00e8re d&rsquo;influence. Les entreprises doivent veiller \u00e0 ne pas se rendre complices de violations des droits de l&rsquo;homme. Les entreprises sont invit\u00e9es \u00e0 respecter la libert\u00e9 d&rsquo;association et \u00e0 reconna\u00eetre effectivement le droit de n\u00e9gociation collective. Les entreprises sont invit\u00e9es \u00e0 promouvoir l&rsquo;\u00e9limination de toutes les formes de travail forc\u00e9 et obligatoire. Les entreprises sont invit\u00e9es \u00e0 soutenir l&rsquo;\u00e9limination du travail des enfants. Les entreprises sont invit\u00e9es \u00e0 promouvoir l&rsquo;abolition de la discrimination en mati\u00e8re d&#8217;emploi et de profession. Les entreprises sont invit\u00e9es \u00e0 adopter une approche de pr\u00e9caution face aux d\u00e9fis environnementaux. Les entreprises sont invit\u00e9es \u00e0 encourager les initiatives qui favorisent une plus grande responsabilit\u00e9 environnementale. Les entreprises sont invit\u00e9es \u00e0 encourager le d\u00e9veloppement et la diffusion de technologies respectueuses de l&rsquo;environnement. Les entreprises sont invit\u00e9es \u00e0 lutter contre la corruption sous toutes ses formes, y compris l&rsquo;extorsion de fonds et les pots-de-vin.<\/p>\n<\/div><\/div><\/div><div class=\"fusion-layout-column fusion_builder_column fusion-builder-column-4 fusion_builder_column_1_3 1_3 fusion-flex-column\" style=\"--awb-padding-top:50px;--awb-padding-right:30px;--awb-padding-bottom:50px;--awb-padding-left:30px;--awb-bg-color:#dbdbdb;--awb-bg-color-hover:#dbdbdb;--awb-bg-size:cover;--awb-box-shadow:2px 2px 30px 0px #e0e0e0;;--awb-width-large:33.333333333333%;--awb-margin-top-large:0px;--awb-spacing-right-large:5.76%;--awb-margin-bottom-large:20px;--awb-spacing-left-large:5.76%;--awb-width-medium:33.333333333333%;--awb-order-medium:0;--awb-spacing-right-medium:5.76%;--awb-spacing-left-medium:5.76%;--awb-width-small:100%;--awb-order-small:0;--awb-spacing-right-small:1.92%;--awb-spacing-left-small:1.92%;\"><div class=\"fusion-column-wrapper fusion-column-has-shadow fusion-flex-justify-content-flex-start fusion-content-layout-column\"><div class=\"fusion-text fusion-text-4\" style=\"--awb-font-size:24px;\"><p><em><strong>\u00ab Notre existence et notre nature \u00bb<\/strong><\/em><\/p>\n<\/div><\/div><\/div><div class=\"fusion-layout-column fusion_builder_column fusion-builder-column-5 fusion_builder_column_1_1 1_1 fusion-flex-column\" style=\"--awb-padding-top:20px;--awb-padding-right:40px;--awb-padding-bottom:40px;--awb-padding-left:40px;--awb-bg-size:cover;--awb-width-large:100%;--awb-margin-top-large:0px;--awb-spacing-right-large:1.92%;--awb-margin-bottom-large:20px;--awb-spacing-left-large:1.92%;--awb-width-medium:100%;--awb-order-medium:0;--awb-spacing-right-medium:1.92%;--awb-spacing-left-medium:1.92%;--awb-width-small:100%;--awb-order-small:0;--awb-spacing-right-small:1.92%;--awb-spacing-left-small:1.92%;\"><div class=\"fusion-column-wrapper fusion-column-has-shadow fusion-flex-justify-content-flex-start fusion-content-layout-column\"><div class=\"fusion-title title fusion-title-2 fusion-sep-none fusion-title-center fusion-title-text fusion-title-size-two\" style=\"--awb-text-color:#004723;--awb-margin-bottom:30px;--awb-font-size:34PX;\"><h2 class=\"fusion-title-heading title-heading-center\" style=\"margin:0;font-size:1em;\">D\u00c9CLARATION D&rsquo;INTENTION<\/h2><\/div><div class=\"fusion-text fusion-text-5\"><p>Promotion du d\u00e9veloppement personnel et professionnel des jeunes et de la population en g\u00e9n\u00e9ral. Signer des accords de collaboration avec les \u00e9coles professionnelles et l&rsquo;universit\u00e9.<\/p>\n<p>Soutien \u00e0 l&rsquo;art, \u00e0 la culture, aux traditions et \u00e0 la culture gastronomique, en tant qu&rsquo;\u00e9l\u00e9ments int\u00e9grateurs de la soci\u00e9t\u00e9.<\/p>\n<p>La promotion du sport et d&rsquo;un mode de vie sain permet d&rsquo;am\u00e9liorer le bien-\u00eatre social. C&rsquo;est pourquoi la Fondation Abades promeut diff\u00e9rents \u00e9v\u00e9nements sportifs et clubs amateurs.<\/p>\n<p>Collaboration avec les ONG et les associations \u00e0 but non lucratif.<\/p>\n<p>L&rsquo;action de la Fondation Abades avec le personnel d&rsquo;Abades repose sur trois piliers fondamentaux : Programmes de formation et de promotion personnelle et professionnelle, favorisant l&#8217;employabilit\u00e9 interne et externe, convaincus que seule la formation permet une meilleure int\u00e9gration et un plus grand engagement des travailleurs non seulement avec l&rsquo;entreprise mais aussi avec leur environnement, et qu&rsquo;ils visent \u00e0 am\u00e9liorer l&rsquo;\u00e9galit\u00e9 des chances et \u00e0 tirer le meilleur parti de la diversit\u00e9.<\/p>\n<\/div><\/div><\/div><\/div><\/div><\/p>\n","protected":false},"excerpt":{"rendered":"","protected":false},"author":3,"featured_media":0,"parent":0,"menu_order":0,"comment_status":"closed","ping_status":"closed","template":"100-width.php","meta":{"footnotes":""},"class_list":["post-213222","page","type-page","status-publish","hentry"],"yoast_head":"<!-- This site is optimized with the Yoast SEO plugin v26.3 - https:\/\/yoast.com\/wordpress\/plugins\/seo\/ -->\n<title>Fondation Abades - Grupo Abades<\/title>\n<meta name=\"description\" content=\"La Fondation Abades La Fondation Abades est l&#039;institution \u00e0 but non lucratif cr\u00e9\u00e9e par le Grupo Abades pour assurer la responsabilit\u00e9 sociale de l&#039;entreprise.\" \/>\n<meta name=\"robots\" content=\"index, follow, max-snippet:-1, max-image-preview:large, max-video-preview:-1\" \/>\n<link rel=\"canonical\" href=\"https:\/\/www.abades.com\/fr\/fondation\/\" \/>\n<meta property=\"og:locale\" content=\"fr_FR\" \/>\n<meta property=\"og:type\" content=\"article\" \/>\n<meta property=\"og:title\" content=\"Fondation Abades - Grupo Abades\" \/>\n<meta property=\"og:description\" content=\"La Fondation Abades La Fondation Abades est l&#039;institution \u00e0 but non lucratif cr\u00e9\u00e9e par le Grupo Abades pour assurer la responsabilit\u00e9 sociale de l&#039;entreprise.\" \/>\n<meta property=\"og:url\" content=\"https:\/\/www.abades.com\/fr\/fondation\/\" \/>\n<meta property=\"og:site_name\" content=\"Grupo Abades\" \/>\n<meta property=\"article:publisher\" content=\"https:\/\/www.facebook.com\/grupoabades\" \/>\n<meta property=\"article:modified_time\" content=\"2025-04-04T08:55:45+00:00\" \/>\n<meta name=\"twitter:card\" content=\"summary_large_image\" \/>\n<meta name=\"twitter:label1\" content=\"Dur\u00e9e de lecture estim\u00e9e\" \/>\n\t<meta name=\"twitter:data1\" content=\"3 minutes\" \/>\n<script type=\"application\/ld+json\" class=\"yoast-schema-graph\">{\"@context\":\"https:\/\/schema.org\",\"@graph\":[{\"@type\":\"WebPage\",\"@id\":\"https:\/\/www.abades.com\/fr\/fondation\/\",\"url\":\"https:\/\/www.abades.com\/fr\/fondation\/\",\"name\":\"Fondation Abades - Grupo Abades\",\"isPartOf\":{\"@id\":\"https:\/\/www.abades.com\/fr\/#website\"},\"datePublished\":\"2025-02-06T14:39:59+00:00\",\"dateModified\":\"2025-04-04T08:55:45+00:00\",\"description\":\"La Fondation Abades La Fondation Abades est l'institution \u00e0 but non lucratif cr\u00e9\u00e9e par le Grupo Abades pour assurer la responsabilit\u00e9 sociale de l'entreprise.\",\"breadcrumb\":{\"@id\":\"https:\/\/www.abades.com\/fr\/fondation\/#breadcrumb\"},\"inLanguage\":\"fr-FR\",\"potentialAction\":[{\"@type\":\"ReadAction\",\"target\":[\"https:\/\/www.abades.com\/fr\/fondation\/\"]}]},{\"@type\":\"BreadcrumbList\",\"@id\":\"https:\/\/www.abades.com\/fr\/fondation\/#breadcrumb\",\"itemListElement\":[{\"@type\":\"ListItem\",\"position\":1,\"name\":\"Portada\",\"item\":\"https:\/\/www.abades.com\/fr\/\"},{\"@type\":\"ListItem\",\"position\":2,\"name\":\"Fondation Abades\"}]},{\"@type\":\"WebSite\",\"@id\":\"https:\/\/www.abades.com\/fr\/#website\",\"url\":\"https:\/\/www.abades.com\/fr\/\",\"name\":\"Grupo Abades\",\"description\":\"Excelente Decisi\u00f3n\",\"publisher\":{\"@id\":\"https:\/\/www.abades.com\/fr\/#organization\"},\"alternateName\":\"Grupo Abades\",\"potentialAction\":[{\"@type\":\"SearchAction\",\"target\":{\"@type\":\"EntryPoint\",\"urlTemplate\":\"https:\/\/www.abades.com\/fr\/?s={search_term_string}\"},\"query-input\":{\"@type\":\"PropertyValueSpecification\",\"valueRequired\":true,\"valueName\":\"search_term_string\"}}],\"inLanguage\":\"fr-FR\"},{\"@type\":\"Organization\",\"@id\":\"https:\/\/www.abades.com\/fr\/#organization\",\"name\":\"Grupo Abades\",\"alternateName\":\"Grupo Abades\",\"url\":\"https:\/\/www.abades.com\/fr\/\",\"logo\":{\"@type\":\"ImageObject\",\"inLanguage\":\"fr-FR\",\"@id\":\"https:\/\/www.abades.com\/fr\/#\/schema\/logo\/image\/\",\"url\":\"https:\/\/www.abades.com\/wp-content\/uploads\/2025\/02\/favicon-abades-270.jpg\",\"contentUrl\":\"https:\/\/www.abades.com\/wp-content\/uploads\/2025\/02\/favicon-abades-270.jpg\",\"width\":270,\"height\":270,\"caption\":\"Grupo Abades\"},\"image\":{\"@id\":\"https:\/\/www.abades.com\/fr\/#\/schema\/logo\/image\/\"},\"sameAs\":[\"https:\/\/www.facebook.com\/grupoabades\",\"https:\/\/www.instagram.com\/abades\/\",\"https:\/\/www.youtube.com\/@grupoabades\"]}]}<\/script>\n<!-- \/ Yoast SEO plugin. -->","yoast_head_json":{"title":"Fondation Abades - Grupo Abades","description":"La Fondation Abades La Fondation Abades est l'institution \u00e0 but non lucratif cr\u00e9\u00e9e par le Grupo Abades pour assurer la responsabilit\u00e9 sociale de l'entreprise.","robots":{"index":"index","follow":"follow","max-snippet":"max-snippet:-1","max-image-preview":"max-image-preview:large","max-video-preview":"max-video-preview:-1"},"canonical":"https:\/\/www.abades.com\/fr\/fondation\/","og_locale":"fr_FR","og_type":"article","og_title":"Fondation Abades - Grupo Abades","og_description":"La Fondation Abades La Fondation Abades est l'institution \u00e0 but non lucratif cr\u00e9\u00e9e par le Grupo Abades pour assurer la responsabilit\u00e9 sociale de l'entreprise.","og_url":"https:\/\/www.abades.com\/fr\/fondation\/","og_site_name":"Grupo Abades","article_publisher":"https:\/\/www.facebook.com\/grupoabades","article_modified_time":"2025-04-04T08:55:45+00:00","twitter_card":"summary_large_image","twitter_misc":{"Dur\u00e9e de lecture estim\u00e9e":"3 minutes"},"schema":{"@context":"https:\/\/schema.org","@graph":[{"@type":"WebPage","@id":"https:\/\/www.abades.com\/fr\/fondation\/","url":"https:\/\/www.abades.com\/fr\/fondation\/","name":"Fondation Abades - Grupo Abades","isPartOf":{"@id":"https:\/\/www.abades.com\/fr\/#website"},"datePublished":"2025-02-06T14:39:59+00:00","dateModified":"2025-04-04T08:55:45+00:00","description":"La Fondation Abades La Fondation Abades est l'institution \u00e0 but non lucratif cr\u00e9\u00e9e par le Grupo Abades pour assurer la responsabilit\u00e9 sociale de l'entreprise.","breadcrumb":{"@id":"https:\/\/www.abades.com\/fr\/fondation\/#breadcrumb"},"inLanguage":"fr-FR","potentialAction":[{"@type":"ReadAction","target":["https:\/\/www.abades.com\/fr\/fondation\/"]}]},{"@type":"BreadcrumbList","@id":"https:\/\/www.abades.com\/fr\/fondation\/#breadcrumb","itemListElement":[{"@type":"ListItem","position":1,"name":"Portada","item":"https:\/\/www.abades.com\/fr\/"},{"@type":"ListItem","position":2,"name":"Fondation Abades"}]},{"@type":"WebSite","@id":"https:\/\/www.abades.com\/fr\/#website","url":"https:\/\/www.abades.com\/fr\/","name":"Grupo Abades","description":"Excelente Decisi\u00f3n","publisher":{"@id":"https:\/\/www.abades.com\/fr\/#organization"},"alternateName":"Grupo Abades","potentialAction":[{"@type":"SearchAction","target":{"@type":"EntryPoint","urlTemplate":"https:\/\/www.abades.com\/fr\/?s={search_term_string}"},"query-input":{"@type":"PropertyValueSpecification","valueRequired":true,"valueName":"search_term_string"}}],"inLanguage":"fr-FR"},{"@type":"Organization","@id":"https:\/\/www.abades.com\/fr\/#organization","name":"Grupo Abades","alternateName":"Grupo Abades","url":"https:\/\/www.abades.com\/fr\/","logo":{"@type":"ImageObject","inLanguage":"fr-FR","@id":"https:\/\/www.abades.com\/fr\/#\/schema\/logo\/image\/","url":"https:\/\/www.abades.com\/wp-content\/uploads\/2025\/02\/favicon-abades-270.jpg","contentUrl":"https:\/\/www.abades.com\/wp-content\/uploads\/2025\/02\/favicon-abades-270.jpg","width":270,"height":270,"caption":"Grupo Abades"},"image":{"@id":"https:\/\/www.abades.com\/fr\/#\/schema\/logo\/image\/"},"sameAs":["https:\/\/www.facebook.com\/grupoabades","https:\/\/www.instagram.com\/abades\/","https:\/\/www.youtube.com\/@grupoabades"]}]}},"_links":{"self":[{"href":"https:\/\/www.abades.com\/fr\/wp-json\/wp\/v2\/pages\/213222","targetHints":{"allow":["GET"]}}],"collection":[{"href":"https:\/\/www.abades.com\/fr\/wp-json\/wp\/v2\/pages"}],"about":[{"href":"https:\/\/www.abades.com\/fr\/wp-json\/wp\/v2\/types\/page"}],"author":[{"embeddable":true,"href":"https:\/\/www.abades.com\/fr\/wp-json\/wp\/v2\/users\/3"}],"replies":[{"embeddable":true,"href":"https:\/\/www.abades.com\/fr\/wp-json\/wp\/v2\/comments?post=213222"}],"version-history":[{"count":10,"href":"https:\/\/www.abades.com\/fr\/wp-json\/wp\/v2\/pages\/213222\/revisions"}],"predecessor-version":[{"id":213935,"href":"https:\/\/www.abades.com\/fr\/wp-json\/wp\/v2\/pages\/213222\/revisions\/213935"}],"wp:attachment":[{"href":"https:\/\/www.abades.com\/fr\/wp-json\/wp\/v2\/media?parent=213222"}],"curies":[{"name":"wp","href":"https:\/\/api.w.org\/{rel}","templated":true}]}}