{"id":213687,"date":"2025-02-07T23:57:41","date_gmt":"2025-02-07T22:57:41","guid":{"rendered":"https:\/\/www.abades.com\/dominios-empresas\/"},"modified":"2025-04-03T18:33:15","modified_gmt":"2025-04-03T16:33:15","slug":"dominios-empresas","status":"publish","type":"page","link":"https:\/\/www.abades.com\/fr\/dominios-empresas\/","title":{"rendered":"Domaines et entreprises"},"content":{"rendered":"<p><div class=\"fusion-fullwidth fullwidth-box fusion-builder-row-1 fusion-flex-container fusion-parallax-none nonhundred-percent-fullwidth non-hundred-percent-height-scrolling\" style=\"--awb-border-radius-top-left:0px;--awb-border-radius-top-right:0px;--awb-border-radius-bottom-right:0px;--awb-border-radius-bottom-left:0px;--awb-min-height:90vh;--awb-background-image:linear-gradient(180deg, #000000 0%,rgba(255,255,255,0) 30%),url(https:\/\/www.abades.com\/wp-content\/uploads\/2025\/02\/politica-imagen-principal.jpg);;--awb-background-size:cover;--awb-flex-wrap:wrap;\" ><div class=\"fusion-builder-row fusion-row fusion-flex-align-items-flex-start fusion-flex-align-content-center fusion-flex-content-wrap\" style=\"max-width:1248px;margin-left: calc(-4% \/ 2 );margin-right: calc(-4% \/ 2 );\"><div class=\"fusion-layout-column fusion_builder_column fusion-builder-column-0 fusion_builder_column_1_1 1_1 fusion-flex-column\" style=\"--awb-bg-blend:overlay;--awb-bg-size:cover;--awb-width-large:100%;--awb-margin-top-large:0px;--awb-spacing-right-large:1.92%;--awb-margin-bottom-large:0px;--awb-spacing-left-large:1.92%;--awb-width-medium:100%;--awb-spacing-right-medium:1.92%;--awb-spacing-left-medium:1.92%;--awb-width-small:100%;--awb-spacing-right-small:1.92%;--awb-spacing-left-small:1.92%;\"><div class=\"fusion-column-wrapper fusion-flex-justify-content-flex-start fusion-content-layout-column\"><div class=\"fusion-title title fusion-title-1 fusion-sep-none fusion-title-center fusion-title-text fusion-title-size-one\" style=\"--awb-text-color:var(--awb-color1);--awb-sep-color:var(--awb-color5);--awb-font-size:48px;\"><h1 class=\"fusion-title-heading title-heading-center\" style=\"margin:0;font-size:1em;\">DOMAINES ET ENTREPRISES<\/h1><\/div><div class=\"fusion-separator\" style=\"align-self: center;margin-left: auto;margin-right: auto;flex-grow:3;margin-bottom:20px;width:100%;max-width:120px;\"><div class=\"fusion-separator-border sep-single sep-solid\" style=\"--awb-height:20px;--awb-amount:20px;--awb-sep-color:var(--awb-color5);border-color:var(--awb-color5);border-top-width:5px;\"><\/div><\/div><\/div><\/div><\/div><\/div><div class=\"fusion-fullwidth fullwidth-box fusion-builder-row-2 fusion-flex-container has-pattern-background has-mask-background nonhundred-percent-fullwidth non-hundred-percent-height-scrolling\" style=\"--awb-border-radius-top-left:0px;--awb-border-radius-top-right:0px;--awb-border-radius-bottom-right:0px;--awb-border-radius-bottom-left:0px;--awb-padding-top:30p;--awb-flex-wrap:wrap;\" ><div class=\"fusion-builder-row fusion-row fusion-flex-align-items-flex-start fusion-flex-content-wrap\" style=\"max-width:1248px;margin-left: calc(-4% \/ 2 );margin-right: calc(-4% \/ 2 );\"><div class=\"fusion-layout-column fusion_builder_column fusion-builder-column-1 fusion_builder_column_1_1 1_1 fusion-flex-column\" style=\"--awb-padding-top:60px;--awb-padding-right:40px;--awb-padding-bottom:40px;--awb-padding-left:40px;--awb-bg-size:cover;--awb-width-large:100%;--awb-margin-top-large:0px;--awb-spacing-right-large:1.92%;--awb-margin-bottom-large:20px;--awb-spacing-left-large:1.92%;--awb-width-medium:100%;--awb-order-medium:0;--awb-spacing-right-medium:1.92%;--awb-spacing-left-medium:1.92%;--awb-width-small:100%;--awb-order-small:0;--awb-spacing-right-small:1.92%;--awb-spacing-left-small:1.92%;\"><div class=\"fusion-column-wrapper fusion-column-has-shadow fusion-flex-justify-content-flex-start fusion-content-layout-column\"><div class=\"fusion-text fusion-text-1\"><p><strong>DOMAINES ET ENTREPRISES DU GROUPE ABADES<\/strong><\/p>\n<p>Vous trouverez ci-dessous les domaines (ci-apr\u00e8s, le Site Web) appartenant \u00e0 Uni\u00f3n de Empresas Abades SL, ainsi que les entreprises qui composent le Groupe Abades et qui, selon le cas, peuvent agir en tant que Responsables et\/ou Co-responsables du traitement.<\/p>\n<p>DOMAINES :<\/p>\n<ul>\n<li>abades.com<\/li>\n<li>abadeshoteles.com<\/li>\n<li>abadescatering.com<\/li>\n<li>abadesareas.com<\/li>\n<li>restaurantepacomartin.com<\/li>\n<li>mariadelaogranada.com<\/li>\n<li>fincalamarquesa.com<\/li>\n<li>abadestriana.com<\/li>\n<li>abadesronda.com<\/li>\n<li>miradorplayagranada.com<\/li>\n<li>restauranteelcabildo.com<\/li>\n<li>azucareraeventos.com<\/li>\n<li>abadesstonerace.com<\/li>\n<li>muelle21sevilla.com<\/li>\n<li>abqrestaurantes.com<\/li>\n<li>huertadelsello.es<\/li>\n<li>haciendaazahares.com<\/li>\n<li>restaurantemokuren.com<\/li>\n<li>hotelparaisogranada.com<\/li>\n<li>kioskolastitas.com<\/li>\n<li>elcamborio.com<\/li>\n<li>el29sevilla.com<\/li>\n<\/ul>\n<p><strong>UNI\u00d3N DE EMPRESAS ABADES SL acts as the sole DATA CONTROLLER for the following websites:<\/strong><\/p>\n<p>UNI\u00d3N DE EMPRESAS ABADES SL agit en tant que seul RESPONSABLE DU TRAITEMENT pour les sites web suivants:<\/p>\n<ul>\n<li>abadesareas.com<\/li>\n<li>abadeshoteles.com<\/li>\n<li>abadescatering.com<\/li>\n<li>abades.com<\/li>\n<\/ul>\n<p>UNI\u00d3N DE EMPRESAS ABADES SL acts as a JOINT CONTROLLER together with each of the companies listed under the following domains:<\/p>\n<p>CO-RESPONSABLES : UNI\u00d3N DE EMPRESAS ABADES SL ET GESTI\u00d3N Y EXPLOTACI\u00d3N DE RESTAURANTES, S.L.<\/p>\n<ul>\n<li>restaurantepacomartin.com<\/li>\n<li>mariadelaogranada.com<\/li>\n<li>fincalamarquesa.com<\/li>\n<li>abadestriana.com<\/li>\n<li>abadesronda.com<\/li>\n<li>miradorplayagranada.com<\/li>\n<li>restauranteelcabildo.com<\/li>\n<li>abadesstonerace.com<\/li>\n<li>azucareraeventos.com<\/li>\n<li>abqrestaurantes.com<\/li>\n<li>huertadelsello.es<\/li>\n<li>hotelparaisogranada.com<\/li>\n<li>elcamborio.com<\/li>\n<li>abadestiendas.com<\/li>\n<li>el29sevilla.com<\/li>\n<\/ul>\n<p>CO-RESPONSABLES : UNI\u00d3N DE EMPRESAS ABADES SL et SOCIEDAD DE RESTAURACI\u00d3N ACUARIO DE SEVILLA S.L.<\/p>\n<ul>\n<li>muelle21sevilla.com<\/li>\n<\/ul>\n<p>CO-RESPONSABLES : UNI\u00d3N DE EMPRESAS ABADES SL et \u00c1REA DE SERVICIO DE LOJA HNOS. MART\u00cdN SL<\/p>\n<ul>\n<li>Haciendaazahares.com<\/li>\n<li>Restaurantemokuren.com<\/li>\n<\/ul>\n<p>CO-RESPONSABLES : UNI\u00d3N DE EMPRESAS ABADES SL et TUMULOG SLU<\/p>\n<ul>\n<li>Kioskolastitas.com<\/li>\n<\/ul>\n<\/div><\/div><\/div><\/div><\/div><\/p>\n","protected":false},"excerpt":{"rendered":"","protected":false},"author":3,"featured_media":0,"parent":0,"menu_order":0,"comment_status":"closed","ping_status":"closed","template":"100-width.php","meta":{"footnotes":""},"class_list":["post-213687","page","type-page","status-publish","hentry"],"yoast_head":"<!-- This site is optimized with the Yoast SEO plugin v26.3 - https:\/\/yoast.com\/wordpress\/plugins\/seo\/ -->\n<title>Domaines et entreprises - Grupo Abades<\/title>\n<meta name=\"description\" content=\"Liste des domaines et des entreprises qui composent le Groupe Abades, agissant en tant que Responsables et\/ou Co-responsables du traitement des donn\u00e9es.\" \/>\n<meta name=\"robots\" content=\"index, follow, max-snippet:-1, max-image-preview:large, max-video-preview:-1\" \/>\n<link rel=\"canonical\" href=\"https:\/\/www.abades.com\/fr\/dominios-empresas\/\" \/>\n<meta property=\"og:locale\" content=\"fr_FR\" \/>\n<meta property=\"og:type\" content=\"article\" \/>\n<meta property=\"og:title\" content=\"Domaines et entreprises - Grupo Abades\" \/>\n<meta property=\"og:description\" content=\"Liste des domaines et des entreprises qui composent le Groupe Abades, agissant en tant que Responsables et\/ou Co-responsables du traitement des donn\u00e9es.\" \/>\n<meta property=\"og:url\" content=\"https:\/\/www.abades.com\/fr\/dominios-empresas\/\" \/>\n<meta property=\"og:site_name\" content=\"Grupo Abades\" \/>\n<meta property=\"article:publisher\" content=\"https:\/\/www.facebook.com\/grupoabades\" \/>\n<meta property=\"article:modified_time\" content=\"2025-04-03T16:33:15+00:00\" \/>\n<meta name=\"twitter:card\" content=\"summary_large_image\" \/>\n<meta name=\"twitter:label1\" content=\"Dur\u00e9e de lecture estim\u00e9e\" \/>\n\t<meta name=\"twitter:data1\" content=\"1 minute\" \/>\n<script type=\"application\/ld+json\" class=\"yoast-schema-graph\">{\"@context\":\"https:\/\/schema.org\",\"@graph\":[{\"@type\":\"WebPage\",\"@id\":\"https:\/\/www.abades.com\/fr\/dominios-empresas\/\",\"url\":\"https:\/\/www.abades.com\/fr\/dominios-empresas\/\",\"name\":\"Domaines et entreprises - Grupo Abades\",\"isPartOf\":{\"@id\":\"https:\/\/www.abades.com\/fr\/#website\"},\"datePublished\":\"2025-02-07T22:57:41+00:00\",\"dateModified\":\"2025-04-03T16:33:15+00:00\",\"description\":\"Liste des domaines et des entreprises qui composent le Groupe Abades, agissant en tant que Responsables et\/ou Co-responsables du traitement des donn\u00e9es.\",\"breadcrumb\":{\"@id\":\"https:\/\/www.abades.com\/fr\/dominios-empresas\/#breadcrumb\"},\"inLanguage\":\"fr-FR\",\"potentialAction\":[{\"@type\":\"ReadAction\",\"target\":[\"https:\/\/www.abades.com\/fr\/dominios-empresas\/\"]}]},{\"@type\":\"BreadcrumbList\",\"@id\":\"https:\/\/www.abades.com\/fr\/dominios-empresas\/#breadcrumb\",\"itemListElement\":[{\"@type\":\"ListItem\",\"position\":1,\"name\":\"Portada\",\"item\":\"https:\/\/www.abades.com\/fr\/\"},{\"@type\":\"ListItem\",\"position\":2,\"name\":\"Domaines et entreprises\"}]},{\"@type\":\"WebSite\",\"@id\":\"https:\/\/www.abades.com\/fr\/#website\",\"url\":\"https:\/\/www.abades.com\/fr\/\",\"name\":\"Grupo Abades\",\"description\":\"Excelente Decisi\u00f3n\",\"publisher\":{\"@id\":\"https:\/\/www.abades.com\/fr\/#organization\"},\"alternateName\":\"Grupo Abades\",\"potentialAction\":[{\"@type\":\"SearchAction\",\"target\":{\"@type\":\"EntryPoint\",\"urlTemplate\":\"https:\/\/www.abades.com\/fr\/?s={search_term_string}\"},\"query-input\":{\"@type\":\"PropertyValueSpecification\",\"valueRequired\":true,\"valueName\":\"search_term_string\"}}],\"inLanguage\":\"fr-FR\"},{\"@type\":\"Organization\",\"@id\":\"https:\/\/www.abades.com\/fr\/#organization\",\"name\":\"Grupo Abades\",\"alternateName\":\"Grupo Abades\",\"url\":\"https:\/\/www.abades.com\/fr\/\",\"logo\":{\"@type\":\"ImageObject\",\"inLanguage\":\"fr-FR\",\"@id\":\"https:\/\/www.abades.com\/fr\/#\/schema\/logo\/image\/\",\"url\":\"https:\/\/www.abades.com\/wp-content\/uploads\/2025\/02\/favicon-abades-270.jpg\",\"contentUrl\":\"https:\/\/www.abades.com\/wp-content\/uploads\/2025\/02\/favicon-abades-270.jpg\",\"width\":270,\"height\":270,\"caption\":\"Grupo Abades\"},\"image\":{\"@id\":\"https:\/\/www.abades.com\/fr\/#\/schema\/logo\/image\/\"},\"sameAs\":[\"https:\/\/www.facebook.com\/grupoabades\",\"https:\/\/www.instagram.com\/abades\/\",\"https:\/\/www.youtube.com\/@grupoabades\"]}]}<\/script>\n<!-- \/ Yoast SEO plugin. -->","yoast_head_json":{"title":"Domaines et entreprises - Grupo Abades","description":"Liste des domaines et des entreprises qui composent le Groupe Abades, agissant en tant que Responsables et\/ou Co-responsables du traitement des donn\u00e9es.","robots":{"index":"index","follow":"follow","max-snippet":"max-snippet:-1","max-image-preview":"max-image-preview:large","max-video-preview":"max-video-preview:-1"},"canonical":"https:\/\/www.abades.com\/fr\/dominios-empresas\/","og_locale":"fr_FR","og_type":"article","og_title":"Domaines et entreprises - Grupo Abades","og_description":"Liste des domaines et des entreprises qui composent le Groupe Abades, agissant en tant que Responsables et\/ou Co-responsables du traitement des donn\u00e9es.","og_url":"https:\/\/www.abades.com\/fr\/dominios-empresas\/","og_site_name":"Grupo Abades","article_publisher":"https:\/\/www.facebook.com\/grupoabades","article_modified_time":"2025-04-03T16:33:15+00:00","twitter_card":"summary_large_image","twitter_misc":{"Dur\u00e9e de lecture estim\u00e9e":"1 minute"},"schema":{"@context":"https:\/\/schema.org","@graph":[{"@type":"WebPage","@id":"https:\/\/www.abades.com\/fr\/dominios-empresas\/","url":"https:\/\/www.abades.com\/fr\/dominios-empresas\/","name":"Domaines et entreprises - Grupo Abades","isPartOf":{"@id":"https:\/\/www.abades.com\/fr\/#website"},"datePublished":"2025-02-07T22:57:41+00:00","dateModified":"2025-04-03T16:33:15+00:00","description":"Liste des domaines et des entreprises qui composent le Groupe Abades, agissant en tant que Responsables et\/ou Co-responsables du traitement des donn\u00e9es.","breadcrumb":{"@id":"https:\/\/www.abades.com\/fr\/dominios-empresas\/#breadcrumb"},"inLanguage":"fr-FR","potentialAction":[{"@type":"ReadAction","target":["https:\/\/www.abades.com\/fr\/dominios-empresas\/"]}]},{"@type":"BreadcrumbList","@id":"https:\/\/www.abades.com\/fr\/dominios-empresas\/#breadcrumb","itemListElement":[{"@type":"ListItem","position":1,"name":"Portada","item":"https:\/\/www.abades.com\/fr\/"},{"@type":"ListItem","position":2,"name":"Domaines et entreprises"}]},{"@type":"WebSite","@id":"https:\/\/www.abades.com\/fr\/#website","url":"https:\/\/www.abades.com\/fr\/","name":"Grupo Abades","description":"Excelente Decisi\u00f3n","publisher":{"@id":"https:\/\/www.abades.com\/fr\/#organization"},"alternateName":"Grupo Abades","potentialAction":[{"@type":"SearchAction","target":{"@type":"EntryPoint","urlTemplate":"https:\/\/www.abades.com\/fr\/?s={search_term_string}"},"query-input":{"@type":"PropertyValueSpecification","valueRequired":true,"valueName":"search_term_string"}}],"inLanguage":"fr-FR"},{"@type":"Organization","@id":"https:\/\/www.abades.com\/fr\/#organization","name":"Grupo Abades","alternateName":"Grupo Abades","url":"https:\/\/www.abades.com\/fr\/","logo":{"@type":"ImageObject","inLanguage":"fr-FR","@id":"https:\/\/www.abades.com\/fr\/#\/schema\/logo\/image\/","url":"https:\/\/www.abades.com\/wp-content\/uploads\/2025\/02\/favicon-abades-270.jpg","contentUrl":"https:\/\/www.abades.com\/wp-content\/uploads\/2025\/02\/favicon-abades-270.jpg","width":270,"height":270,"caption":"Grupo Abades"},"image":{"@id":"https:\/\/www.abades.com\/fr\/#\/schema\/logo\/image\/"},"sameAs":["https:\/\/www.facebook.com\/grupoabades","https:\/\/www.instagram.com\/abades\/","https:\/\/www.youtube.com\/@grupoabades"]}]}},"_links":{"self":[{"href":"https:\/\/www.abades.com\/fr\/wp-json\/wp\/v2\/pages\/213687","targetHints":{"allow":["GET"]}}],"collection":[{"href":"https:\/\/www.abades.com\/fr\/wp-json\/wp\/v2\/pages"}],"about":[{"href":"https:\/\/www.abades.com\/fr\/wp-json\/wp\/v2\/types\/page"}],"author":[{"embeddable":true,"href":"https:\/\/www.abades.com\/fr\/wp-json\/wp\/v2\/users\/3"}],"replies":[{"embeddable":true,"href":"https:\/\/www.abades.com\/fr\/wp-json\/wp\/v2\/comments?post=213687"}],"version-history":[{"count":4,"href":"https:\/\/www.abades.com\/fr\/wp-json\/wp\/v2\/pages\/213687\/revisions"}],"predecessor-version":[{"id":213873,"href":"https:\/\/www.abades.com\/fr\/wp-json\/wp\/v2\/pages\/213687\/revisions\/213873"}],"wp:attachment":[{"href":"https:\/\/www.abades.com\/fr\/wp-json\/wp\/v2\/media?parent=213687"}],"curies":[{"name":"wp","href":"https:\/\/api.w.org\/{rel}","templated":true}]}}