{"id":213697,"date":"2025-02-07T22:54:48","date_gmt":"2025-02-07T21:54:48","guid":{"rendered":"https:\/\/www.abades.com\/enviar-cv\/"},"modified":"2025-04-03T18:38:09","modified_gmt":"2025-04-03T16:38:09","slug":"rejoignez-notre-equipe","status":"publish","type":"page","link":"https:\/\/www.abades.com\/fr\/rejoignez-notre-equipe\/","title":{"rendered":"Rejoignez notre \u00e9quipe"},"content":{"rendered":"<p><div class=\"fusion-fullwidth fullwidth-box fusion-builder-row-1 fusion-flex-container fusion-parallax-none nonhundred-percent-fullwidth non-hundred-percent-height-scrolling\" style=\"--awb-border-radius-top-left:0px;--awb-border-radius-top-right:0px;--awb-border-radius-bottom-right:0px;--awb-border-radius-bottom-left:0px;--awb-min-height:90vh;--awb-background-image:linear-gradient(180deg, #000000 0%,rgba(255,255,255,0) 30%),url(https:\/\/www.abades.com\/wp-content\/uploads\/2025\/02\/empleo-equipo.jpg);;--awb-background-size:cover;--awb-flex-wrap:wrap;\" ><div class=\"fusion-builder-row fusion-row fusion-flex-align-items-flex-start fusion-flex-align-content-center fusion-flex-content-wrap\" style=\"max-width:1248px;margin-left: calc(-4% \/ 2 );margin-right: calc(-4% \/ 2 );\"><div class=\"fusion-layout-column fusion_builder_column fusion-builder-column-0 fusion_builder_column_1_1 1_1 fusion-flex-column\" style=\"--awb-bg-blend:overlay;--awb-bg-size:cover;--awb-width-large:100%;--awb-margin-top-large:0px;--awb-spacing-right-large:1.92%;--awb-margin-bottom-large:0px;--awb-spacing-left-large:1.92%;--awb-width-medium:100%;--awb-spacing-right-medium:1.92%;--awb-spacing-left-medium:1.92%;--awb-width-small:100%;--awb-spacing-right-small:1.92%;--awb-spacing-left-small:1.92%;\"><div class=\"fusion-column-wrapper fusion-flex-justify-content-flex-start fusion-content-layout-column\"><div class=\"fusion-title title fusion-title-1 fusion-sep-none fusion-title-center fusion-title-text fusion-title-size-one\" style=\"--awb-text-color:var(--awb-color1);--awb-sep-color:var(--awb-color5);--awb-font-size:48px;\"><h1 class=\"fusion-title-heading title-heading-center\" style=\"margin:0;font-size:1em;\">REJOIGNEZ NOTRE \u00c9QUIPE<\/h1><\/div><div class=\"fusion-separator\" style=\"align-self: center;margin-left: auto;margin-right: auto;flex-grow:3;margin-bottom:20px;width:100%;max-width:120px;\"><div class=\"fusion-separator-border sep-single sep-solid\" style=\"--awb-height:20px;--awb-amount:20px;--awb-sep-color:var(--awb-color5);border-color:var(--awb-color5);border-top-width:5px;\"><\/div><\/div><\/div><\/div><\/div><\/div><div class=\"fusion-fullwidth fullwidth-box fusion-builder-row-2 fusion-flex-container has-pattern-background has-mask-background nonhundred-percent-fullwidth non-hundred-percent-height-scrolling\" style=\"--awb-border-radius-top-left:0px;--awb-border-radius-top-right:0px;--awb-border-radius-bottom-right:0px;--awb-border-radius-bottom-left:0px;--awb-padding-top:30p;--awb-flex-wrap:wrap;\" ><div class=\"fusion-builder-row fusion-row fusion-flex-align-items-flex-start fusion-flex-content-wrap\" style=\"max-width:1248px;margin-left: calc(-4% \/ 2 );margin-right: calc(-4% \/ 2 );\"><div class=\"fusion-layout-column fusion_builder_column fusion-builder-column-1 fusion_builder_column_1_6 1_6 fusion-flex-column\" style=\"--awb-padding-top:60px;--awb-padding-right:40px;--awb-padding-bottom:40px;--awb-padding-left:40px;--awb-bg-size:cover;--awb-width-large:16.666666666667%;--awb-margin-top-large:0px;--awb-spacing-right-large:11.52%;--awb-margin-bottom-large:20px;--awb-spacing-left-large:11.52%;--awb-width-medium:16.666666666667%;--awb-order-medium:0;--awb-spacing-right-medium:11.52%;--awb-spacing-left-medium:11.52%;--awb-width-small:100%;--awb-order-small:0;--awb-spacing-right-small:1.92%;--awb-spacing-left-small:1.92%;\"><div class=\"fusion-column-wrapper fusion-column-has-shadow fusion-flex-justify-content-flex-start fusion-content-layout-column\"><\/div><\/div><div class=\"fusion-layout-column fusion_builder_column fusion-builder-column-2 fusion_builder_column_2_3 2_3 fusion-flex-column\" style=\"--awb-padding-top:60px;--awb-padding-right:40px;--awb-padding-bottom:40px;--awb-padding-left:40px;--awb-bg-size:cover;--awb-width-large:66.666666666667%;--awb-margin-top-large:0px;--awb-spacing-right-large:2.88%;--awb-margin-bottom-large:20px;--awb-spacing-left-large:2.88%;--awb-width-medium:66.666666666667%;--awb-order-medium:0;--awb-spacing-right-medium:2.88%;--awb-spacing-left-medium:2.88%;--awb-width-small:100%;--awb-order-small:0;--awb-spacing-right-small:1.92%;--awb-spacing-left-small:1.92%;\"><div class=\"fusion-column-wrapper fusion-column-has-shadow fusion-flex-justify-content-flex-start fusion-content-layout-column\">\n<div class=\"wpcf7 no-js\" id=\"wpcf7-f213807-o1\" lang=\"fr-FR\" dir=\"ltr\" data-wpcf7-id=\"213807\">\n<div class=\"screen-reader-response\"><p role=\"status\" aria-live=\"polite\" aria-atomic=\"true\"><\/p> <ul><\/ul><\/div>\n<form action=\"\/fr\/wp-json\/wp\/v2\/pages\/213697#wpcf7-f213807-o1\" method=\"post\" class=\"wpcf7-form init\" aria-label=\"Formulaire de contact\" enctype=\"multipart\/form-data\" novalidate=\"novalidate\" data-status=\"init\">\n<fieldset class=\"hidden-fields-container\"><input type=\"hidden\" name=\"_wpcf7\" value=\"213807\" \/><input type=\"hidden\" name=\"_wpcf7_version\" value=\"6.1.3\" \/><input type=\"hidden\" name=\"_wpcf7_locale\" value=\"fr_FR\" \/><input type=\"hidden\" name=\"_wpcf7_unit_tag\" value=\"wpcf7-f213807-o1\" \/><input type=\"hidden\" name=\"_wpcf7_container_post\" value=\"0\" \/><input type=\"hidden\" name=\"_wpcf7_posted_data_hash\" value=\"\" \/>\n<\/fieldset>\n<p><label>Nombre*<\/label><span class=\"wpcf7-form-control-wrap\" data-name=\"nombre\"><input size=\"40\" maxlength=\"400\" class=\"wpcf7-form-control wpcf7-text wpcf7-validates-as-required\" aria-required=\"true\" aria-invalid=\"false\" placeholder=\"\u00bfC\u00f3mo te llamas?\" value=\"\" type=\"text\" name=\"nombre\" \/><\/span>\n<\/p>\n<p><label>Apellidos*<\/label><span class=\"wpcf7-form-control-wrap\" data-name=\"apellidos\"><input size=\"40\" maxlength=\"400\" class=\"wpcf7-form-control wpcf7-text wpcf7-validates-as-required\" aria-required=\"true\" aria-invalid=\"false\" placeholder=\"\u00bfCu\u00e1les son tus apellidos?\" value=\"\" type=\"text\" name=\"apellidos\" \/><\/span>\n<\/p>\n<p><label>Fecha de nacimiento*<\/label><span class=\"wpcf7-form-control-wrap\" data-name=\"nacimiento\"><input class=\"wpcf7-form-control wpcf7-date wpcf7-validates-as-required wpcf7-validates-as-date\" aria-required=\"true\" aria-invalid=\"false\" placeholder=\"dd\/mm\/aaaa\" value=\"\" type=\"date\" name=\"nacimiento\" \/><\/span>\n<\/p>\n<p><label>Email*<\/label><span class=\"wpcf7-form-control-wrap\" data-name=\"email\"><input size=\"40\" maxlength=\"400\" class=\"wpcf7-form-control wpcf7-email wpcf7-validates-as-required wpcf7-text wpcf7-validates-as-email\" aria-required=\"true\" aria-invalid=\"false\" placeholder=\"Escribe tu email\" value=\"\" type=\"email\" name=\"email\" \/><\/span>\n<\/p>\n<p><label>Tel\u00e9fono*<\/label><span class=\"wpcf7-form-control-wrap\" data-name=\"telefono\"><input size=\"40\" maxlength=\"400\" class=\"wpcf7-form-control wpcf7-tel wpcf7-validates-as-required wpcf7-text wpcf7-validates-as-tel\" aria-required=\"true\" aria-invalid=\"false\" placeholder=\"Escribe tu tel\u00e9fono\" value=\"\" type=\"tel\" name=\"telefono\" \/><\/span>\n<\/p>\n<p><label>Direcci\u00f3n*<\/label><span class=\"wpcf7-form-control-wrap\" data-name=\"direccion\"><input size=\"40\" maxlength=\"400\" class=\"wpcf7-form-control wpcf7-text wpcf7-validates-as-required\" aria-required=\"true\" aria-invalid=\"false\" placeholder=\"\u00bfCu\u00e1l es tu direcci\u00f3n?\" value=\"\" type=\"text\" name=\"direccion\" \/><\/span>\n<\/p>\n<p><label>C\u00f3digo postal*<\/label><span class=\"wpcf7-form-control-wrap\" data-name=\"cp\"><input size=\"40\" maxlength=\"400\" class=\"wpcf7-form-control wpcf7-text wpcf7-validates-as-required\" aria-required=\"true\" aria-invalid=\"false\" placeholder=\"C\u00f3digo postal\" value=\"\" type=\"text\" name=\"cp\" \/><\/span>\n<\/p>\n<p><label>Localidad*<\/label><span class=\"wpcf7-form-control-wrap\" data-name=\"localidad\"><input size=\"40\" maxlength=\"400\" class=\"wpcf7-form-control wpcf7-text wpcf7-validates-as-required\" aria-required=\"true\" aria-invalid=\"false\" value=\"\" type=\"text\" name=\"localidad\" \/><\/span>\n<\/p>\n<p><label>Provincia*<\/label><span class=\"wpcf7-form-control-wrap\" data-name=\"provincia\"><input size=\"40\" maxlength=\"400\" class=\"wpcf7-form-control wpcf7-text wpcf7-validates-as-required\" aria-required=\"true\" aria-invalid=\"false\" value=\"\" type=\"text\" name=\"provincia\" \/><\/span>\n<\/p>\n<p><label>Certificado de discapacidad*<\/label><span class=\"wpcf7-form-control-wrap\" data-name=\"discapacidad\"><select class=\"wpcf7-form-control wpcf7-select wpcf7-validates-as-required\" aria-required=\"true\" aria-invalid=\"false\" name=\"discapacidad\"><option value=\"\">&#8212;Veuillez choisir une option&#8212;<\/option><option value=\"Si\">Si<\/option><option value=\"No\">No<\/option><\/select><\/span>\n<\/p>\n<p><label>\u00bfC\u00f3mo nos conociste? <\/label><span class=\"wpcf7-form-control-wrap\" data-name=\"bonoempleo\"><select class=\"wpcf7-form-control wpcf7-select wpcf7-validates-as-required\" aria-required=\"true\" aria-invalid=\"false\" name=\"bonoempleo\"><option value=\"\">&#8212;Veuillez choisir une option&#8212;<\/option><option value=\"Feria de Empleo Granada\">Feria de Empleo Granada<\/option><option value=\"Familiares\/Amigos\">Familiares\/Amigos<\/option><option value=\"Busqueda en Internet\">Busqueda en Internet<\/option><option value=\"Otros\">Otros<\/option><\/select><\/span>\n<\/p>\n<p><label>Preferencia de puesto<\/label><span class=\"wpcf7-form-control-wrap\" data-name=\"puesto\"><select class=\"wpcf7-form-control wpcf7-select\" aria-invalid=\"false\" name=\"puesto\"><option value=\"\">&#8212;Veuillez choisir une option&#8212;<\/option><option value=\"Equipo Comercial\">Equipo Comercial<\/option><option value=\"Equipo de Cocina\">Equipo de Cocina<\/option><option value=\"Jefes de Cocina\">Jefes de Cocina<\/option><option value=\"Camareros\/as\">Camareros\/as<\/option><option value=\"Equipo de Limpieza y Servicios Auxiliares\">Equipo de Limpieza y Servicios Auxiliares<\/option><option value=\"Personal de Recepci\u00f3n\">Personal de Recepci\u00f3n<\/option><option value=\"Servicio T\u00e9cnico\">Servicio T\u00e9cnico<\/option><option value=\"Personal Administrativo\">Personal Administrativo<\/option><option value=\"Personal Gasolineras\">Personal Gasolineras<\/option><option value=\"Otros\">Otros<\/option><\/select><\/span>\n<\/p>\n<p><label>Preferencia de establecimiento*<\/label><span class=\"wpcf7-form-control-wrap\" data-name=\"establecimiento\"><select class=\"wpcf7-form-control wpcf7-select wpcf7-validates-as-required\" aria-required=\"true\" aria-invalid=\"false\" name=\"establecimiento\"><option value=\"\">&#8212;Veuillez choisir une option&#8212;<\/option><option value=\"Abades Catering\">Abades Catering<\/option><option value=\"\u00c1rea Abades Sierra Espu\u00f1a\">\u00c1rea Abades Sierra Espu\u00f1a<\/option><option value=\"Burger King\u00ae Sierra Espu\u00f1a\">Burger King\u00ae Sierra Espu\u00f1a<\/option><option value=\"De la O Eventos\">De la O Eventos<\/option><option value=\"El 29 Sevilla Restaurante y Eventos\">El 29 Sevilla Restaurante y Eventos<\/option><option value=\"Equipo Comercial\">Equipo Comercial<\/option><option value=\"Gasolineras\">Gasolineras<\/option><option value=\"Hacienda Azahares\">Hacienda Azahares<\/option><option value=\"Hotel Abades Benacaz\u00f3n\">Hotel Abades Benacaz\u00f3n<\/option><option value=\"Hotel Abades Nevada Palace\">Hotel Abades Nevada Palace<\/option><option value=\"Hotel Abades Via Norte\">Hotel Abades Via Norte<\/option><option value=\"Hotel El Mirador\">Hotel El Mirador<\/option><option value=\"Huerta del Sello\">Huerta del Sello<\/option><option value=\"Kiosko Las Titas\">Kiosko Las Titas<\/option><option value=\"Mirador Playa Granada\">Mirador Playa Granada<\/option><option value=\"Muelle 21\">Muelle 21<\/option><option value=\"Otros\">Otros<\/option><option value=\"Restaurante ABQ Loja\">Restaurante ABQ Loja<\/option><option value=\"Restaurante ABQ Los Espejos\">Restaurante ABQ Los Espejos<\/option><option value=\"Restaurante Abades Ronda\">Restaurante Abades Ronda<\/option><option value=\"Restaurante Abades Triana\">Restaurante Abades Triana<\/option><option value=\"Restaurante El Cabildo\">Restaurante El Cabildo<\/option><option value=\"Restaurante Mar\u00eda de la O\">Restaurante Mar\u00eda de la O<\/option><option value=\"Restaurante Paco Mart\u00edn\">Restaurante Paco Mart\u00edn<\/option><option value=\"Restaurante V\u00eda L\u00e1ctea\">Restaurante V\u00eda L\u00e1ctea<\/option><option value=\"Vending\">Vending<\/option><\/select><\/span>\n<\/p>\n<p><label>Formaci\u00f3n:<\/label><span class=\"wpcf7-form-control-wrap\" data-name=\"formacion\"><textarea cols=\"40\" rows=\"10\" maxlength=\"2000\" class=\"wpcf7-form-control wpcf7-textarea\" aria-invalid=\"false\" placeholder=\"\u00bfCu\u00e1l es tu formaci\u00f3n profesional?\" name=\"formacion\"><\/textarea><\/span>\n<\/p>\n<p><label>Nivel de idiomas:<\/label><span class=\"wpcf7-form-control-wrap\" data-name=\"idiomas\"><textarea cols=\"40\" rows=\"10\" maxlength=\"2000\" class=\"wpcf7-form-control wpcf7-textarea\" aria-invalid=\"false\" placeholder=\"\u00bfCu\u00e1l es tu conocimiento de idiomas?\" name=\"idiomas\"><\/textarea><\/span>\n<\/p>\n<p><label>Experiencia laboral:<\/label><span class=\"wpcf7-form-control-wrap\" data-name=\"experiencia\"><textarea cols=\"40\" rows=\"10\" maxlength=\"2000\" class=\"wpcf7-form-control wpcf7-textarea\" aria-invalid=\"false\" placeholder=\"\u00bfCu\u00e1l es tu experiencia laboral?\" name=\"experiencia\"><\/textarea><\/span>\n<\/p>\n<p><label>Adjunta tu Curriculum* (Solo archivos PDF, M\u00e1x: 6MG) <\/label><span class=\"wpcf7-form-control-wrap\" data-name=\"archivo\"><input size=\"40\" class=\"wpcf7-form-control wpcf7-file wpcf7-validates-as-required\" accept=\".pdf\" aria-required=\"true\" aria-invalid=\"false\" type=\"file\" name=\"archivo\" \/><\/span>\n<\/p>\n<p><strong>INFORMACION BASICA DE PROTECCION DE DATOS:<\/strong><br \/>\nFinalidad: Participar en los procesos de selecci\u00f3n de cualquiera de las empresas que conforman el GRUPO ABADES (UNI\u00d3N DE EMPRESAS ABADES, SL, B19510510, GESTI\u00d3N Y EXPLOTACION DE RESTAURANTES SLU B18410209, TIENDAS ABADES SL B19671460, TUMULOG SL B18715722, DREAM HISPALIS SL B19573393, DREAM NAZARI SL B19574227, 1932 FLORES SL B18700807, COMBUSTIBLES SIGLO XXI SL B90212473, SOCIEDAD RESTAURACI\u00d3N ACUARIO DE SEVILLA SL B19573385, MAGNOLIO FOOD SLU B19659200, CATERING HOSPITALES SLU B19549427 y AREA DE SERVICIOS LOJA HERMANOS MARTIN, S.L B18219584) .<br \/>\nLegitimaci\u00f3n: El tratamiento de los datos es necesario para la satisfacci\u00f3n de intereses leg\u00edtimos perseguidos por el responsable del tratamiento ( Art.6.1.f). El interesado da su consentimiento para el tratamiento de sus datos personales para uno o varios fines espec\u00edficos; (Art.6.1.a) .<br \/>\nDestinarios: Empresas que conforman el GRUPO ABADES, relacionadas anteriormente. Sus datos personales no ser\u00e1n comunicados a terceros sin su consentimiento previo, salvo obligaci\u00f3n legal .<br \/>\nConservaci\u00f3n de los datos: En caso de que no seas seleccionado, podremos almacenar tus datos como m\u00e1ximo un a\u00f1o, a menos que manifiestes tu oposici\u00f3n al tratamiento o retires el consentimiento.<br \/>\nDerechos: Tiene derecho a acceder, rectificar, portar, limitar, oponerse y suprimir los datos a trav\u00e9s de los datos de contacto de nuestra pol\u00edtica de privacidad de este sitio web. Puede solicitarnos la informaci\u00f3n adicional y detallada sobre Protecci\u00f3n de Datos dirigi\u00e9ndonos un correo electr\u00f3nico a lopd@abades.com\n<\/p>\n<p><span class=\"wpcf7-form-control-wrap\" data-name=\"legal\"><span class=\"wpcf7-form-control wpcf7-acceptance\"><span class=\"wpcf7-list-item\"><label><input type=\"checkbox\" name=\"legal\" value=\"1\" aria-invalid=\"false\" \/><span class=\"wpcf7-list-item-label\">Autorizo el tratamiento de mis datos personales del Curriculum y cesi\u00f3n a las distintas empresas de nuestro Grupo Empresarial ABADES.<\/span><\/label><\/span><\/span><\/span>\n<\/p>\n<p><input class=\"wpcf7-form-control wpcf7-submit has-spinner\" type=\"submit\" value=\"Enviar\" \/>\n<\/p><div class=\"fusion-alert alert custom alert-custom fusion-alert-center wpcf7-response-output awb-alert-native-link-color alert-dismissable awb-alert-close-boxed\" style=\"--awb-border-size:1px;--awb-border-top-left-radius:0px;--awb-border-top-right-radius:0px;--awb-border-bottom-left-radius:0px;--awb-border-bottom-right-radius:0px;\" role=\"alert\"><div class=\"fusion-alert-content-wrapper\"><span class=\"fusion-alert-content\"><\/span><\/div><button type=\"button\" class=\"close toggle-alert\" data-dismiss=\"alert\" aria-label=\"Close\">&times;<\/button><\/div>\n<\/form>\n<\/div>\n<\/div><\/div><div class=\"fusion-layout-column fusion_builder_column fusion-builder-column-3 fusion_builder_column_1_6 1_6 fusion-flex-column\" style=\"--awb-padding-top:60px;--awb-padding-right:40px;--awb-padding-bottom:40px;--awb-padding-left:40px;--awb-bg-size:cover;--awb-width-large:16.666666666667%;--awb-margin-top-large:0px;--awb-spacing-right-large:11.52%;--awb-margin-bottom-large:20px;--awb-spacing-left-large:11.52%;--awb-width-medium:16.666666666667%;--awb-order-medium:0;--awb-spacing-right-medium:11.52%;--awb-spacing-left-medium:11.52%;--awb-width-small:100%;--awb-order-small:0;--awb-spacing-right-small:1.92%;--awb-spacing-left-small:1.92%;\"><div class=\"fusion-column-wrapper fusion-column-has-shadow fusion-flex-justify-content-flex-start fusion-content-layout-column\"><\/div><\/div><\/div><\/div><\/p>\n","protected":false},"excerpt":{"rendered":"","protected":false},"author":3,"featured_media":0,"parent":0,"menu_order":0,"comment_status":"closed","ping_status":"closed","template":"100-width.php","meta":{"footnotes":""},"class_list":["post-213697","page","type-page","status-publish","hentry"],"yoast_head":"<!-- This site is optimized with the Yoast SEO plugin v26.3 - https:\/\/yoast.com\/wordpress\/plugins\/seo\/ -->\n<title>Rejoignez notre \u00e9quipe - Grupo Abades<\/title>\n<meta name=\"description\" content=\"Envoyez votre CV pour travailler dans les \u00e9tablissements de Grupo Abades, une opportunit\u00e9 unique d\u2019\u00e9voluer dans votre carri\u00e8re.\" \/>\n<meta name=\"robots\" content=\"index, follow, max-snippet:-1, max-image-preview:large, max-video-preview:-1\" \/>\n<link rel=\"canonical\" href=\"https:\/\/www.abades.com\/fr\/rejoignez-notre-equipe\/\" \/>\n<meta property=\"og:locale\" content=\"fr_FR\" \/>\n<meta property=\"og:type\" content=\"article\" \/>\n<meta property=\"og:title\" content=\"Rejoignez notre \u00e9quipe - Grupo Abades\" \/>\n<meta property=\"og:description\" content=\"Envoyez votre CV pour travailler dans les \u00e9tablissements de Grupo Abades, une opportunit\u00e9 unique d\u2019\u00e9voluer dans votre carri\u00e8re.\" \/>\n<meta property=\"og:url\" content=\"https:\/\/www.abades.com\/fr\/rejoignez-notre-equipe\/\" \/>\n<meta property=\"og:site_name\" content=\"Grupo Abades\" \/>\n<meta property=\"article:publisher\" content=\"https:\/\/www.facebook.com\/grupoabades\" \/>\n<meta property=\"article:modified_time\" content=\"2025-04-03T16:38:09+00:00\" \/>\n<meta name=\"twitter:card\" content=\"summary_large_image\" \/>\n<meta name=\"twitter:label1\" content=\"Dur\u00e9e de lecture estim\u00e9e\" \/>\n\t<meta name=\"twitter:data1\" content=\"3 minutes\" \/>\n<script type=\"application\/ld+json\" class=\"yoast-schema-graph\">{\"@context\":\"https:\/\/schema.org\",\"@graph\":[{\"@type\":\"WebPage\",\"@id\":\"https:\/\/www.abades.com\/fr\/rejoignez-notre-equipe\/\",\"url\":\"https:\/\/www.abades.com\/fr\/rejoignez-notre-equipe\/\",\"name\":\"Rejoignez notre \u00e9quipe - Grupo Abades\",\"isPartOf\":{\"@id\":\"https:\/\/www.abades.com\/fr\/#website\"},\"datePublished\":\"2025-02-07T21:54:48+00:00\",\"dateModified\":\"2025-04-03T16:38:09+00:00\",\"description\":\"Envoyez votre CV pour travailler dans les \u00e9tablissements de Grupo Abades, une opportunit\u00e9 unique d\u2019\u00e9voluer dans votre carri\u00e8re.\",\"breadcrumb\":{\"@id\":\"https:\/\/www.abades.com\/fr\/rejoignez-notre-equipe\/#breadcrumb\"},\"inLanguage\":\"fr-FR\",\"potentialAction\":[{\"@type\":\"ReadAction\",\"target\":[\"https:\/\/www.abades.com\/fr\/rejoignez-notre-equipe\/\"]}]},{\"@type\":\"BreadcrumbList\",\"@id\":\"https:\/\/www.abades.com\/fr\/rejoignez-notre-equipe\/#breadcrumb\",\"itemListElement\":[{\"@type\":\"ListItem\",\"position\":1,\"name\":\"Portada\",\"item\":\"https:\/\/www.abades.com\/fr\/\"},{\"@type\":\"ListItem\",\"position\":2,\"name\":\"Rejoignez notre \u00e9quipe\"}]},{\"@type\":\"WebSite\",\"@id\":\"https:\/\/www.abades.com\/fr\/#website\",\"url\":\"https:\/\/www.abades.com\/fr\/\",\"name\":\"Grupo Abades\",\"description\":\"Excelente Decisi\u00f3n\",\"publisher\":{\"@id\":\"https:\/\/www.abades.com\/fr\/#organization\"},\"alternateName\":\"Grupo Abades\",\"potentialAction\":[{\"@type\":\"SearchAction\",\"target\":{\"@type\":\"EntryPoint\",\"urlTemplate\":\"https:\/\/www.abades.com\/fr\/?s={search_term_string}\"},\"query-input\":{\"@type\":\"PropertyValueSpecification\",\"valueRequired\":true,\"valueName\":\"search_term_string\"}}],\"inLanguage\":\"fr-FR\"},{\"@type\":\"Organization\",\"@id\":\"https:\/\/www.abades.com\/fr\/#organization\",\"name\":\"Grupo Abades\",\"alternateName\":\"Grupo Abades\",\"url\":\"https:\/\/www.abades.com\/fr\/\",\"logo\":{\"@type\":\"ImageObject\",\"inLanguage\":\"fr-FR\",\"@id\":\"https:\/\/www.abades.com\/fr\/#\/schema\/logo\/image\/\",\"url\":\"https:\/\/www.abades.com\/wp-content\/uploads\/2025\/02\/favicon-abades-270.jpg\",\"contentUrl\":\"https:\/\/www.abades.com\/wp-content\/uploads\/2025\/02\/favicon-abades-270.jpg\",\"width\":270,\"height\":270,\"caption\":\"Grupo Abades\"},\"image\":{\"@id\":\"https:\/\/www.abades.com\/fr\/#\/schema\/logo\/image\/\"},\"sameAs\":[\"https:\/\/www.facebook.com\/grupoabades\",\"https:\/\/www.instagram.com\/abades\/\",\"https:\/\/www.youtube.com\/@grupoabades\"]}]}<\/script>\n<!-- \/ Yoast SEO plugin. -->","yoast_head_json":{"title":"Rejoignez notre \u00e9quipe - Grupo Abades","description":"Envoyez votre CV pour travailler dans les \u00e9tablissements de Grupo Abades, une opportunit\u00e9 unique d\u2019\u00e9voluer dans votre carri\u00e8re.","robots":{"index":"index","follow":"follow","max-snippet":"max-snippet:-1","max-image-preview":"max-image-preview:large","max-video-preview":"max-video-preview:-1"},"canonical":"https:\/\/www.abades.com\/fr\/rejoignez-notre-equipe\/","og_locale":"fr_FR","og_type":"article","og_title":"Rejoignez notre \u00e9quipe - Grupo Abades","og_description":"Envoyez votre CV pour travailler dans les \u00e9tablissements de Grupo Abades, une opportunit\u00e9 unique d\u2019\u00e9voluer dans votre carri\u00e8re.","og_url":"https:\/\/www.abades.com\/fr\/rejoignez-notre-equipe\/","og_site_name":"Grupo Abades","article_publisher":"https:\/\/www.facebook.com\/grupoabades","article_modified_time":"2025-04-03T16:38:09+00:00","twitter_card":"summary_large_image","twitter_misc":{"Dur\u00e9e de lecture estim\u00e9e":"3 minutes"},"schema":{"@context":"https:\/\/schema.org","@graph":[{"@type":"WebPage","@id":"https:\/\/www.abades.com\/fr\/rejoignez-notre-equipe\/","url":"https:\/\/www.abades.com\/fr\/rejoignez-notre-equipe\/","name":"Rejoignez notre \u00e9quipe - Grupo Abades","isPartOf":{"@id":"https:\/\/www.abades.com\/fr\/#website"},"datePublished":"2025-02-07T21:54:48+00:00","dateModified":"2025-04-03T16:38:09+00:00","description":"Envoyez votre CV pour travailler dans les \u00e9tablissements de Grupo Abades, une opportunit\u00e9 unique d\u2019\u00e9voluer dans votre carri\u00e8re.","breadcrumb":{"@id":"https:\/\/www.abades.com\/fr\/rejoignez-notre-equipe\/#breadcrumb"},"inLanguage":"fr-FR","potentialAction":[{"@type":"ReadAction","target":["https:\/\/www.abades.com\/fr\/rejoignez-notre-equipe\/"]}]},{"@type":"BreadcrumbList","@id":"https:\/\/www.abades.com\/fr\/rejoignez-notre-equipe\/#breadcrumb","itemListElement":[{"@type":"ListItem","position":1,"name":"Portada","item":"https:\/\/www.abades.com\/fr\/"},{"@type":"ListItem","position":2,"name":"Rejoignez notre \u00e9quipe"}]},{"@type":"WebSite","@id":"https:\/\/www.abades.com\/fr\/#website","url":"https:\/\/www.abades.com\/fr\/","name":"Grupo Abades","description":"Excelente Decisi\u00f3n","publisher":{"@id":"https:\/\/www.abades.com\/fr\/#organization"},"alternateName":"Grupo Abades","potentialAction":[{"@type":"SearchAction","target":{"@type":"EntryPoint","urlTemplate":"https:\/\/www.abades.com\/fr\/?s={search_term_string}"},"query-input":{"@type":"PropertyValueSpecification","valueRequired":true,"valueName":"search_term_string"}}],"inLanguage":"fr-FR"},{"@type":"Organization","@id":"https:\/\/www.abades.com\/fr\/#organization","name":"Grupo Abades","alternateName":"Grupo Abades","url":"https:\/\/www.abades.com\/fr\/","logo":{"@type":"ImageObject","inLanguage":"fr-FR","@id":"https:\/\/www.abades.com\/fr\/#\/schema\/logo\/image\/","url":"https:\/\/www.abades.com\/wp-content\/uploads\/2025\/02\/favicon-abades-270.jpg","contentUrl":"https:\/\/www.abades.com\/wp-content\/uploads\/2025\/02\/favicon-abades-270.jpg","width":270,"height":270,"caption":"Grupo Abades"},"image":{"@id":"https:\/\/www.abades.com\/fr\/#\/schema\/logo\/image\/"},"sameAs":["https:\/\/www.facebook.com\/grupoabades","https:\/\/www.instagram.com\/abades\/","https:\/\/www.youtube.com\/@grupoabades"]}]}},"_links":{"self":[{"href":"https:\/\/www.abades.com\/fr\/wp-json\/wp\/v2\/pages\/213697","targetHints":{"allow":["GET"]}}],"collection":[{"href":"https:\/\/www.abades.com\/fr\/wp-json\/wp\/v2\/pages"}],"about":[{"href":"https:\/\/www.abades.com\/fr\/wp-json\/wp\/v2\/types\/page"}],"author":[{"embeddable":true,"href":"https:\/\/www.abades.com\/fr\/wp-json\/wp\/v2\/users\/3"}],"replies":[{"embeddable":true,"href":"https:\/\/www.abades.com\/fr\/wp-json\/wp\/v2\/comments?post=213697"}],"version-history":[{"count":4,"href":"https:\/\/www.abades.com\/fr\/wp-json\/wp\/v2\/pages\/213697\/revisions"}],"predecessor-version":[{"id":213881,"href":"https:\/\/www.abades.com\/fr\/wp-json\/wp\/v2\/pages\/213697\/revisions\/213881"}],"wp:attachment":[{"href":"https:\/\/www.abades.com\/fr\/wp-json\/wp\/v2\/media?parent=213697"}],"curies":[{"name":"wp","href":"https:\/\/api.w.org\/{rel}","templated":true}]}}